{"id":79,"date":"2011-09-06T15:25:00","date_gmt":"2011-09-06T13:25:00","guid":{"rendered":"http:\/\/www.winmusic.de\/wp\/?page_id=79"},"modified":"2011-09-13T12:00:07","modified_gmt":"2011-09-13T10:00:07","slug":"la-vie","status":"publish","type":"page","link":"http:\/\/www.winmusic.de\/wp\/?page_id=79","title":{"rendered":"La Vie"},"content":{"rendered":"<h2><a class=\"highslide img_1\" href=\"http:\/\/www.winmusic.de\/wp\/wp-content\/uploads\/2011\/09\/christian-winninghoff-la-vie.jpeg\" onclick=\"return hs.expand(this)\"><img loading=\"lazy\" decoding=\"async\" class=\"alignright size-thumbnail wp-image-86\" title=\"christian winninghoff-la vie\" src=\"http:\/\/www.winmusic.de\/wp\/wp-content\/uploads\/2011\/09\/christian-winninghoff-la-vie-150x150.jpg\" alt=\"la vie\" width=\"150\" height=\"150\" srcset=\"http:\/\/www.winmusic.de\/wp\/wp-content\/uploads\/2011\/09\/christian-winninghoff-la-vie-150x150.jpg 150w, http:\/\/www.winmusic.de\/wp\/wp-content\/uploads\/2011\/09\/christian-winninghoff-la-vie.jpeg 160w\" sizes=\"auto, (max-width: 150px) 100vw, 150px\" \/><\/a>Rezensionen zu \u201aLa Vie\u2019-1999<\/h2>\n<p>&#8218;Der 28-j\u00e4hrige Christian Winnninghoff z\u00e4hlt heute zu den f\u00e4higsten Nachwuchstrompetern unserer Jazz-Szene. Nach Studium am Konservatorium Den Haag und der Musikhochschule K\u00f6ln (bei Markus Stockhausen, Ack van Rooyen und Manfred Schoof spielte Christian Winninghoff bei Peter Herbolzheimers BundesJazzOrchester, der IASJ Big Band feat. Michael Brecker und Dave Liebman sowie vielen weiteren Formationen im In- und Ausland. Hier liegt nun Christians Debutalbum vor, das ausschlie\u00dflich Kompositionen und Arrangements aus seiner Feder beinhaltet. Sein Quartet (&#8230;) wird in einigen Titeln durch John Ruocco, cl, ts, Volker Winck, ts und Adrian Brendel, cello. verst\u00e4rkt. Winninghoffs Kompositionen \u2013 wie auch sein Trompeten \u2013 bzw. Fl\u00fcgelhornspiel sind durchweg lyrisch, oft mit melancholischen Untert\u00f6nen. Ein Urteil aus berufenem Munde stammt von Fl\u00fcgelhornist Kenny Wheeler, der schrieb: &#8222;&#8230; The CD sounds very nice and I like your group very much. The playing by everyone is excellent and I like the pieces&#8230;&#8220;<br \/>\n<em><strong>R\u00fcdiger B\u00f6ttger in &#8218;Jazz-Podium&#8216; 11\/99<\/strong><\/em><\/p>\n<p>&#8218;Ein echtes Musiker-Label ist Mr. D. Music. Vor nicht einmal 2 Jahren gegr\u00fcndet hat Mr. D. Music mittlerweile einen umfangreichen CD-Katalog angesammelt, der \u00fcber Rough Trade bundesweit in die L\u00e4den gestellt wird. Standortbedingt sind es vor allem Musiker aus dem Dunstkreis der\u00a0 K\u00f6lner Musikhochschule, die ihre CDs auf Delbroucks Label ver\u00f6ffentlichen, wie zum Beispiel &#8218;La Vie&#8216; des jungen Trompeters und Fl\u00fcgelhornisten Christian Winninghoff. Eingespielt mit seinem Quartett, dem der Pianist Alexander Schimmeroth, der Bassist Martin Gjakonovski, und der Drummer Golo Maichel angeh\u00f6ren, bestechen die 8 St\u00fccke durch den sensiblen Einsatz polyphoner Strukturen und eine reife Improvisationsauffassung, die gleichsam geadelt wird durch den warmen, stets kantablen Ton des prominenten, amerikanischen Gastmusikers, dem Saxophonisten und Klarinettisten John Ruocco.&#8220;<br \/>\n<em><strong>Martin Laurentius in &#8218;Jazz Thing&#8216; 10\/99<\/strong><\/em><\/p>\n<p>&#8218;Die Band um Christian Winninghoff hat ihre eigene Sprache zwischen Kenny Wheeler und dem Miles Davis der 60er Jahre gefunden. Flie\u00dfende Melodien, durchaus auch an folkloristische Themen angelehnt, laden zum Entspannen und Tr\u00e4umen ein, bevor der solistische Exkurs ungeahnte Qualit\u00e4ten offenbart. Winninghoff selber will nicht nur die gro\u00dfen Meister kopieren und schafft es, trotz der Phalanx der Tradition, sich zu behaupten und eigenst\u00e4ndig zu spielen.&#8216;<br \/>\n<em><strong>aus &#8218;United Jazz Society&#8216; 8\/99<\/strong><\/em><\/p>\n","protected":false},"excerpt":{"rendered":"<p>Rezensionen zu \u201aLa Vie\u2019-1999 &#8218;Der 28-j\u00e4hrige Christian Winnninghoff z\u00e4hlt heute zu den f\u00e4higsten Nachwuchstrompetern unserer Jazz-Szene. Nach Studium am Konservatorium Den Haag und der Musikhochschule K\u00f6ln (bei Markus Stockhausen, Ack van Rooyen und Manfred Schoof spielte Christian Winninghoff bei Peter Herbolzheimers BundesJazzOrchester, der IASJ Big Band feat. Michael Brecker und Dave Liebman sowie vielen weiteren &hellip; <\/p>\n<p class=\"link-more\"><a href=\"http:\/\/www.winmusic.de\/wp\/?page_id=79\" class=\"more-link\"><span class=\"screen-reader-text\">\u201eLa Vie\u201c <\/span>weiterlesen<\/a><\/p>\n","protected":false},"author":1,"featured_media":0,"parent":53,"menu_order":3,"comment_status":"closed","ping_status":"closed","template":"","meta":{"footnotes":""},"class_list":["post-79","page","type-page","status-publish","hentry"],"_links":{"self":[{"href":"http:\/\/www.winmusic.de\/wp\/index.php?rest_route=\/wp\/v2\/pages\/79","targetHints":{"allow":["GET"]}}],"collection":[{"href":"http:\/\/www.winmusic.de\/wp\/index.php?rest_route=\/wp\/v2\/pages"}],"about":[{"href":"http:\/\/www.winmusic.de\/wp\/index.php?rest_route=\/wp\/v2\/types\/page"}],"author":[{"embeddable":true,"href":"http:\/\/www.winmusic.de\/wp\/index.php?rest_route=\/wp\/v2\/users\/1"}],"replies":[{"embeddable":true,"href":"http:\/\/www.winmusic.de\/wp\/index.php?rest_route=%2Fwp%2Fv2%2Fcomments&post=79"}],"version-history":[{"count":5,"href":"http:\/\/www.winmusic.de\/wp\/index.php?rest_route=\/wp\/v2\/pages\/79\/revisions"}],"predecessor-version":[{"id":385,"href":"http:\/\/www.winmusic.de\/wp\/index.php?rest_route=\/wp\/v2\/pages\/79\/revisions\/385"}],"up":[{"embeddable":true,"href":"http:\/\/www.winmusic.de\/wp\/index.php?rest_route=\/wp\/v2\/pages\/53"}],"wp:attachment":[{"href":"http:\/\/www.winmusic.de\/wp\/index.php?rest_route=%2Fwp%2Fv2%2Fmedia&parent=79"}],"curies":[{"name":"wp","href":"https:\/\/api.w.org\/{rel}","templated":true}]}}