{"id":692,"date":"2018-09-01T10:45:13","date_gmt":"2018-09-01T08:45:13","guid":{"rendered":"http:\/\/www.winmusic.de\/wp\/?page_id=692"},"modified":"2019-08-02T11:42:45","modified_gmt":"2019-08-02T09:42:45","slug":"jazzkantine","status":"publish","type":"page","link":"http:\/\/www.winmusic.de\/wp\/?page_id=692","title":{"rendered":"Jazzkantine"},"content":{"rendered":"<h2>Jazzkantine<\/h2>\n<p>JAZZKANTINE-MIT PAUKEN UND TROMPETEN<\/p>\n<p><strong>Fette Beats und funky Horns. Saiten und Tasten, Scratches und Stimmen.\u00a0\u00a0<\/strong><strong>Ein angenehm abgehangenes und unaufgeregtes Album (CD &amp; Vinyl) mit dem die Jazzkantine im Oktober 2019 auch auf Tour geht.<\/strong><\/p>\n<p>\u201eEs ist Jazz\u201c \u2013 und das bereits seit 25 Jahren. Ein Vierteljahrhundert. Die Jazzkantine ist mittlerweile ein deutscher Musik-Dinosaurier. Etwas faltig zwar, aber immer noch flink, flexibel und wandlungsf\u00e4hig. Und am Leben. Gewachsen und gereift \u00fcber eine lange Zeitspanne, die nur die Z\u00e4hesten und Erfolgreichsten in der deutschen Musikszene durchhalten und \u00fcberstehen: Die Toten Hosen, Herbert Gr\u00f6nemeyer, die Fantastischen Vier oder Fettes Brot beispielsweise. Mit all diesen Stars und Kollegen stand die Braunschweiger Band irgendwann, irgendwo einmal zusammen auf irgendeiner Festivalb\u00fchne. Gest\u00e4hlt durch unz\u00e4hlige Gigs in kleinen schmuddeligen Clubs, aber auch in piekfeinen Theatern und in riesigen Arenen. Die Jazzkantine hat bis dato um die 1.500 Konzerte gespielt, das Sch\u00f6nste und Schlimmste, Aufregendste und Au\u00dfergew\u00f6hnlichste aus allen Musikwelten erlebt.<\/p>\n<p>Einst inspiriert von Quincy Jones legend\u00e4rem \u201eBack on the Block\u201c-Album, das eine Vielzahl prominenter Musiker verschiedener Musikrichtungen versammelte und fusionierte, hat die Jazzkantine bis heute ihren ganz eigenen musikalischen Weg gefunden \u2013 und origin\u00e4ren Sound geschaffen. \u201eIch bin gepr\u00e4gt von meinem Vater, der ein gro\u00dfer Jazz-Fan war. F\u00fcr mich stellte sich 1994 die Frage: Bekommt man so etwas auch mit deutschen Jazzern und Rappern hin? Und das hat gut funktioniert\u201c, erinnert sich Christian Eitner, Bandleader, Bassist und Produzent, an die Anf\u00e4nge der Jazzkantine.<\/p>\n<p>Geplant war eigentlich nur eine Compilation mit Gastmusikern und kleiner Band \u2013 doch pl\u00f6tzlich lagen Angebote von drei Majorlabels vor, die schnell fragten ob das auch auf Tour gehen kann. Es war die richtige Idee zum richtigen Zeitpunkt mit den richtigen Musikern. So nahm die musikalische Geschichte der Jazzkantine ihren Lauf. Das gleichnamige Deb\u00fct schaffte es bis auf Platz 62 der deutschen Charts, verkaufte \u00fcber 100.000 Exemplare und gewann zudem einen German Jazz Award, sp\u00e4ter auch den ECHO. Auch ohne Hitsingles, aber mit zw\u00f6lf Alben und unerm\u00fcdlicher Livepr\u00e4senz erspielte sich das vielf\u00e4ltige Langzeitprojekt vor allem in deutschsprachigen L\u00e4ndern (unter anderem auch beim renommierten Montreux Jazz Festival) \u00fcber die Jahre einen guten Namen.<\/p>\n<p>Die Jazzkantine hat einen elit\u00e4ren Sound selbstbewusst revitalisiert und leidenschaftlich umgesetzt: \u201eWir waren ein Teil derer, die den traditionellen Jazz entstaubt haben\u201c, sagt Eitner. Mit 15 Musikern ging es damals im doppelst\u00f6ckigen Nightliner auf die erste Tour. Eine musikalische \u201eKlassenfahrt\u201c \u2013 nat\u00fcrlich mit allen exzessiven Begleiterscheinungen. \u201eWir waren und sind die Rock\u2019n\u2019Roll-lastigste Jazz-Band\u201c meint Frontmann Cappu.<\/p>\n<p>Die experimentierfreudige Jazzkantine kannte nie Ber\u00fchrungs\u00e4ngste, vielmehr ging es der bunt zusammengew\u00fcrfelten Truppe immer um die Lust an der kreativen Grenz\u00fcberschreitung und stetige Neuerfindung. Verschiedene K\u00f6che bereiten hier Futter f\u00fcr die Seele zu \u2013 und das gerne mit neuen, leckeren Zutaten. Ob bei Theater- und Tanz-Produktionen oder bei der Aneignung und Umsetzung von anderen musikalischen Genres \u2013 die Men\u00fcs schmeckten stets \u00fcberraschend anders. Keine Gourmet-K\u00f6che, aber coole Currywurst-Typen, deren Sound gl\u00fccklich und satt macht. Musik, die jeder versteht und sofort in den Bauch geht.<\/p>\n<p>Nat\u00fcrlich brodeln bis heute cooler Jazz und jede Menge l\u00e4ssiger Rap, aber auch warmer Soul und grooviger Reggae im Soundtopf. Zudem hat das innovative Kollektiv mit Heavy Metal (das Album \u201eHell\u2019s Kitchen\u201c erreichte im Jahr 2008 Platz 1 bei den iTunes-Jazz-Charts und Platz 1 der deutschen Media Control-Charts Jazz) experimentiert \u2013 und auf ihre Art und Weise souver\u00e4n umgesetzt. Hochkar\u00e4tige Gastmusiker \u2013 Rapper wie Ol Dirty Bastard vom Wu-Tang Clan und Smudo von den Fantastischen Vier oder Jazzer wie Till Br\u00f6nner, Pee Wee Ellis, Nils Landgren, Gunter Hampel und Bill Evans \u2013 sorgten au\u00dferdem immer wieder f\u00fcr besondere W\u00fcrze auf den Alben, 2014 auch in Fusion mit der NDR-Bigband.<\/p>\n<p>Doch der lange Weg der Jazzkantine war auch immer wieder von Dellen und kreativen L\u00f6chern gepr\u00e4gt. Gr\u00fcnder und Gangleader Christian Eitner hat es jedoch geschafft, seine vielk\u00f6pfige Charaktertruppe \u00fcber all die Jahre im Kern zusammengehalten. Klar, es gab Unstimmigkeiten, Streits, Abg\u00e4nge und leider auch zwei Todesf\u00e4lle. Doch Aufgeben gilt es f\u00fcr die Band aus der L\u00f6wenstadt nicht. Hinfallen, wieder aufstehen, weitermachen. Immer weiter. Alle Erfahrungen, Erfolge und Schicksalsschl\u00e4ge haben die Jazzkantine bis heute gepr\u00e4gt, gest\u00e4hlt und ganz besonders gemacht.<\/p>\n<p>Was ist Jazz? \u2013 Der relaxte, fein funkelnde und frei flie\u00dfende Song \u201eEine Ehre\u201c aus ihrem neuen Album \u201eMit Pauken und Trompeten\u201c, das im August 2019 erscheint, erz\u00e4hlt die 25-j\u00e4hrige Jazzkantine-Story in komprimierten 4:15 Minuten. Ein R\u00fcckblick und zugleich Ausblick in die Zukunft. \u201eHey, hey an alle Wegbereiter, es ist uns eine Ehre und so soll es immer sein\u2026\u201c, rappen Cappuccino und Tachi ganz entspannt.<\/p>\n<p>Mit dem wohl besten deutschen Posaunisten Nils Wogram, Shooting Star Simon Oslender an der Hammond, \u201eDe-Phazz\u201c-Frontlady Pat Appleton, RnB-S\u00e4nger Albert N\u00b4Sanda sowie Johnny Strange (Culcha Candela) gibt es, wie in der Kantine \u00fcblich, eine Reihe von exzellenten Gastmusikern, die spannende Akzente in den 15 Tracks setzen.<\/p>\n<p>So entstehen mit \u201eJordu\u201c und \u201eDie wollen nur spielen\u201c kraftvolle Instrumentals, aber auch Statements zu Entschleunigungs-Themen in \u201eAugenblick\u201c oder \u201eIch zieh den Stecker\u201c.<\/p>\n<p>Gef\u00fchlvollen Ballade (\u201eBitte lass mich\u201c und \u201eWichtig\u201c) versus Dancefloor-Jazz-Tunes wie \u201eTanz, Baby\u201c oder \u201eAdrenalin\u201c.<\/p>\n<p>Und wenn eine Band inzwischen ein Dutzend Kinder hervorgebracht hat, hat sie auch eine rockige Meinung zu Helicopter-Eltern (\u201eLass sie doch\u201c).<\/p>\n<p><strong>25 Jahre Jazzkantine! \u201eEs ist uns eine Ehre\u201c, sagt die Band.<\/strong><\/p>\n<p>&nbsp;<\/p>\n<p>JAZZKANTINE-Old&#8217;s&#8217;COOL<\/p>\n<p>\u201cOld\u2019s\u2018cool\u201d ist da!<br \/>\n\u201eIt&#8217;s like a jungle sometimes, it makes me wonder how I keep from goin under\u201c<br \/>\nRapzeilen, die eine Musikrichtung, eine ganze Jugendkultur ins Rollen brachten, die \u2013 schon mehrfach totgesagt \u2013 bis heute ein nicht wegzudenkender Bestandteil der Musikwelt ist.<\/p>\n<p><iframe loading=\"lazy\" title=\"Jazzkantine - I Know You Got Soul (Official Video)\" width=\"525\" height=\"295\" src=\"https:\/\/www.youtube.com\/embed\/3BA2UUTDtTs?feature=oembed\" frameborder=\"0\" allow=\"accelerometer; autoplay; clipboard-write; encrypted-media; gyroscope; picture-in-picture; web-share\" referrerpolicy=\"strict-origin-when-cross-origin\" allowfullscreen><\/iframe><br \/>\nJetzt begibt sich die Jazzkantine auf Zeitreise zu den Anf\u00e4ngen des Hip-Hop in die eighties, die Spezialisten f\u00fcr Konzept-Alben haben wieder zugeschlagen.<br \/>\nDabei kommt es zu Wiederbegegnungen mit Grandmaster Flash &amp; The Furious Five, Eric B. &amp; Rakim,\u00a0<span class=\"caps\">EPMD<\/span>, Public Enemy,\u00a0<span class=\"caps\">NWA<\/span>, Tone-Loc, Afrika Bambaataa und Jungle Brothers.<br \/>\nIm Spiel mit Beats und Scratches werden Sounds und Samples collagiert und so im brodelnden Sud einer Jam Session aus Jazz, Funk und Rap die Old-School-Klassiker neu interpretiert.<br \/>\nDie Platte ist sehr bl\u00e4serlastig, und ich und mein lieber\u00a0Kollege Heiner Schmitz konnten\u00a0uns in den Arrangements ein bi\u00dfchen austoben in der Funky Old Kantina!!<\/p>\n<p><iframe loading=\"lazy\" title=\"Jazzkantine - Funky Old Kantina (Official Video)\" width=\"525\" height=\"295\" src=\"https:\/\/www.youtube.com\/embed\/CEDgD285wuY?feature=oembed\" frameborder=\"0\" allow=\"accelerometer; autoplay; clipboard-write; encrypted-media; gyroscope; picture-in-picture; web-share\" referrerpolicy=\"strict-origin-when-cross-origin\" allowfullscreen><\/iframe><\/p>\n<div>\n<dl id=\"attachment_203\">\n<dt><a class=\"highslide img_1\" href=\"http:\/\/www.winmusic.de\/wp\/wp-content\/uploads\/2011\/09\/JazzkantineByBothor.jpg\" onclick=\"return hs.expand(this)\"><img loading=\"lazy\" decoding=\"async\" title=\"JazzkantineByBothor\" src=\"http:\/\/www.winmusic.de\/wp\/wp-content\/uploads\/2011\/09\/JazzkantineByBothor-150x150.jpg\" alt=\"Jazzkantine By Bothor\" width=\"150\" height=\"150\" \/><\/a><\/dt>\n<dd>Jazzkantine by Bothor<\/dd>\n<\/dl>\n<\/div>\n<p>Vielleicht ist es mittlerweile gar nicht mehr so einfach zu durchschauen, was sich alles hinter der Braunschweiger \u201eJazzkantine\u201c verbirgt. Was 1993 als erfolgreiche Jazz-HipHop-Band begann, ist mittlerweile zu einer ganzen Institution, zu einem Gesamtkunstwerk geworden. Die zahlreichen Aktivit\u00e4ten haben immer wieder gezeigt, mit welch offenen Augen die Jazzkantinen-Macher durch die Welt gehen, wie gerne Grenzen \u00fcberschritten werden und welches Potential sich in ihren Reihen b\u00fcndelt&#8230; (HP-Text)<\/p>\n<p>Ich selber bin seit ca. 2000 mit im Boot habe auch schon viele Abenteuer mit den &#8218;Braunschweiger Jungs&#8216; erlebt: Tanzzkantine, Tour mit Pee Wee, Live-DVD, Rock-Musicals im Staatstheater, CD-Produktionen mit prominenter Mitwirkung (&#8218;Hell&#8217;s kitchen&#8216; mit u.a. Xavier Naidoo, Max Mutzke&#8230;), Eintracht-Aufstiegsfeier und zuletzt Kaliningrad-Reise.<\/p>\n<p><a href=\"http:\/\/www.jazzkantine.de\" target=\"_blank\" rel=\"noopener noreferrer\">Homepage der Band<\/a><\/p>\n<p><iframe loading=\"lazy\" title=\"Jazzkantine Kaliningrad August 2011 Don Cento Jazzfest\" width=\"525\" height=\"394\" src=\"https:\/\/www.youtube.com\/embed\/qbuh3XGf2B8?feature=oembed\" frameborder=\"0\" allow=\"accelerometer; autoplay; clipboard-write; encrypted-media; gyroscope; picture-in-picture; web-share\" referrerpolicy=\"strict-origin-when-cross-origin\" allowfullscreen><\/iframe><\/p>\n<p>&nbsp;<\/p>\n<hr \/>\n<p><a name=\"ccjo\"><\/a><\/p>\n","protected":false},"excerpt":{"rendered":"<p>Jazzkantine JAZZKANTINE-MIT PAUKEN UND TROMPETEN Fette Beats und funky Horns. Saiten und Tasten, Scratches und Stimmen.\u00a0\u00a0Ein angenehm abgehangenes und unaufgeregtes Album (CD &amp; Vinyl) mit dem die Jazzkantine im Oktober 2019 auch auf Tour geht. \u201eEs ist Jazz\u201c \u2013 und das bereits seit 25 Jahren. Ein Vierteljahrhundert. Die Jazzkantine ist mittlerweile ein deutscher Musik-Dinosaurier. Etwas &hellip; <\/p>\n<p class=\"link-more\"><a href=\"http:\/\/www.winmusic.de\/wp\/?page_id=692\" class=\"more-link\"><span class=\"screen-reader-text\">\u201eJazzkantine\u201c <\/span>weiterlesen<\/a><\/p>\n","protected":false},"author":1,"featured_media":0,"parent":0,"menu_order":0,"comment_status":"closed","ping_status":"closed","template":"","meta":{"footnotes":""},"class_list":["post-692","page","type-page","status-publish","hentry"],"_links":{"self":[{"href":"http:\/\/www.winmusic.de\/wp\/index.php?rest_route=\/wp\/v2\/pages\/692","targetHints":{"allow":["GET"]}}],"collection":[{"href":"http:\/\/www.winmusic.de\/wp\/index.php?rest_route=\/wp\/v2\/pages"}],"about":[{"href":"http:\/\/www.winmusic.de\/wp\/index.php?rest_route=\/wp\/v2\/types\/page"}],"author":[{"embeddable":true,"href":"http:\/\/www.winmusic.de\/wp\/index.php?rest_route=\/wp\/v2\/users\/1"}],"replies":[{"embeddable":true,"href":"http:\/\/www.winmusic.de\/wp\/index.php?rest_route=%2Fwp%2Fv2%2Fcomments&post=692"}],"version-history":[{"count":6,"href":"http:\/\/www.winmusic.de\/wp\/index.php?rest_route=\/wp\/v2\/pages\/692\/revisions"}],"predecessor-version":[{"id":994,"href":"http:\/\/www.winmusic.de\/wp\/index.php?rest_route=\/wp\/v2\/pages\/692\/revisions\/994"}],"wp:attachment":[{"href":"http:\/\/www.winmusic.de\/wp\/index.php?rest_route=%2Fwp%2Fv2%2Fmedia&parent=692"}],"curies":[{"name":"wp","href":"https:\/\/api.w.org\/{rel}","templated":true}]}}