{"id":672,"date":"2018-09-01T11:53:15","date_gmt":"2018-09-01T09:53:15","guid":{"rendered":"http:\/\/www.winmusic.de\/wp\/?page_id=672"},"modified":"2021-01-01T13:51:12","modified_gmt":"2021-01-01T11:51:12","slug":"hi-hornz-project","status":"publish","type":"page","link":"http:\/\/www.winmusic.de\/wp\/?page_id=672","title":{"rendered":"CW &#038; THE PRESENT TENSE"},"content":{"rendered":"<address><a class=\"highslide img_1\" href=\"http:\/\/www.winmusic.de\/wp\/wp-content\/uploads\/2014\/10\/Christian-Winninghoff-2.jpeg\" onclick=\"return hs.expand(this)\"><img loading=\"lazy\" decoding=\"async\" class=\"aligncenter size-medium wp-image-796\" src=\"http:\/\/www.winmusic.de\/wp\/wp-content\/uploads\/2014\/10\/Christian-Winninghoff-2-300x224.jpeg\" alt=\"\" width=\"300\" height=\"224\" srcset=\"http:\/\/www.winmusic.de\/wp\/wp-content\/uploads\/2014\/10\/Christian-Winninghoff-2-300x224.jpeg 300w, http:\/\/www.winmusic.de\/wp\/wp-content\/uploads\/2014\/10\/Christian-Winninghoff-2-768x573.jpeg 768w, http:\/\/www.winmusic.de\/wp\/wp-content\/uploads\/2014\/10\/Christian-Winninghoff-2-1024x764.jpeg 1024w, http:\/\/www.winmusic.de\/wp\/wp-content\/uploads\/2014\/10\/Christian-Winninghoff-2.jpeg 1500w\" sizes=\"auto, (max-width: 300px) 100vw, 300px\" \/><\/a><\/address>\n<address>\u00a0<\/address>\n<address>&#8218;Christian Winninghoff hat neben seinen T\u00e4tigkeiten als Trompeter und Arrangeur u.a. f\u00fcr die Jazzkantine bisher drei Soloproduktionen ver\u00f6ffentlicht und entwickelte sich vom Mainstream-Jazzer mit ambitionierten Eigenkompositionen (\u203aLa Vie\u2039) \u00fcber das Crossover-Album \u203aColor Music\u2039 zum Leader des \u203aHi Hornz Projects\u2039, das mit einer Melange aus Jazz und Funk solistische Jazzpower und glasklare Bl\u00e4sers\u00e4tze mit erdigen Beats und trockenen Rockgitarrenriffs verkn\u00fcpfte. Das neu zusammengestellte Projekt \u203aPerfect Weekend\u2039 ist gleichzeitig Fortsetzung und groovebetonte Weiterentwicklung des bew\u00e4hrten Liveprogramms; man darf sich auf eine Topbesetzung der K\u00f6ln\/D\u00fcsseldorfer Funk-undJazzszene freuen. \/\/<\/address>\n<address>\n<div class=\"page\" title=\"Page 4\">\n<div class=\"section\">\n<div class=\"layoutArea\">\n<div class=\"column\">\n<p>ChristianWinninghoff (trp,flh), MarcLeymann (sax), MartinSchulte (g), NicoBrandenburg (b), Hardy Fisch\u00f6tter (dr)<\/p>\n<\/div>\n<\/div>\n<\/div>\n<\/div>\n<\/address>\n<address>ChristianWinninghoff &amp; THE PRSENT TENSE&#8216; \u00a0LIVE im PROBERAUM<\/address>\n<address><a href=\"https:\/\/www.youtube.com\/watch?v=plvhIc9UjC4\">https:\/\/www.youtube.com\/watch?v=ttrbsRm1KQI&amp;list=PLQS-hxDIyflg1ibqq0KbxOb4YqHlFlFDB<\/a><\/address>\n<address>\u00a0<\/address>\n<address><span style=\"font-family: Verdana, sans-serif;\"><span style=\"font-size: small;\">Derek Taylor in &#8218;Jazz Cadence&#8216;:<\/span><\/span><\/address>\n<address><span style=\"font-family: Verdana, sans-serif;\"><span style=\"font-size: small;\">&#8218;Leading a core sexter with occasional guests added he crafts a programm of music rich in moody hues<br \/>\nand textures. I hear the duky minimalist influence of Miles in his brass work. But Winninghoff often favors a sharper, more piquant tone than the Dark Prince (&#8230;). The well-plotted stylistic detours are often entertaining, but the meat of Winninghoff&#8217;s music lies in stretches where he and his colleagues place their attentions on the basic art of blowing together and crafting creative solos.&#8216;<\/span><\/span><\/address>\n<address>\u00a0<\/address>\n<address><strong>CD\/Konzert-Rezensionen zu\u00a0 \u2018The Hi Hornz Project\u2019<\/strong><\/address>\n<address>\u201aVier Bl\u00e4ser, dazu Gitarre, Bass und Schlagzeug \u2013 das ist das Hi Hornz Project des Trompeters Christian Winninghoff. Ein paar G\u00e4ste wie der Posaunist Ludwig Nuss oder die S\u00e4ngerinnen Sam Leigh Brown und Aniko Kanthak wirken ebenfalls noch mit bei diesem beschwingten und vergn\u00fcglichen Musikausflug. (&#8230;) Christian Winninghoff ist mit seinem Horn-Projekt ein schnittiger Wurf gelungen, bei dem energiegeladenes Spiel immer noch elegant bleibt und der Funk mit viel Spielwitz funkelt. Wie das alles live in einem hitzigen, schwitzigen Club klingen mag&#8230;<br \/>\n<em><strong>Christoph Giese in Jazz Thing<\/strong><\/em><\/address>\n<address>\u201aEinen funky Hummelflug legt Christian Winninghoff da hin! Neben Rimksi-Korsakow, der im lockeren Balkan-Feel daherkommt, bietet &#8222;Hi Hornz&#8220; noch andere Kaliber&#8230; Funk mit vier SEHR gro\u00dfen Buchstaben pr\u00e4sentiert der Jazzkantine-Trompeter hier. Brillante Arrangements, Tracks mit Witz und Tempo, Musiker in bester Spiellaune und ein Groove, der gnadenlos in die Beine geht \u2013 cool, als w\u00e4ren die 70er nie zuende gegangen! Eigentlich ein perfekter<br \/>\nSoundtrack f\u00fcr einen Quentin-Tarantino-Film&#8230;<br \/>\n<em><strong>Der Musikmarkt\u00a0<\/strong><\/em><\/address>\n<address>Aus deutschen Landen so eine knallige Produktion zu h\u00f6ren, ist doch eher ungewohnt. (&#8230;) Auf die schweisstreibenden Grooves f\u00fcr die neben Ziaja noch der Schlagzeuger Kai Sch\u00f6nburg und der Gitarrist Martin Feske zust\u00e4ndig sind, setzen sich die Solisten, allen voran der Leader of the pack, Christian Winninghoff. (&#8230;) Die Produktion klingt dar\u00fcber hinaus hervorragend und es bleibt zu w\u00fcnschen, dass es der doch etwas gr\u00f6\u00dferen Formation m\u00f6glich sein wird, auch das ein oder andere Konzert spielen zu k\u00f6nnen.<br \/>\n<em><strong>Angela Ballhorn in Jazzthetik\u00a0<\/strong><\/em><\/address>\n<address>Wer bei Horns an die Memphis Horns denkt, muss umdenken: Auch hierzulande gibt es hervorragende Horn Sections. (&#8230;) Christian Winninghoff gelingt in jedem St\u00fcck eine perfekte Balance zwischen Ensemblespiel und Soli, das musikalische Gesamtbild resultiert allerdings nicht aus der blo\u00dfen Summe von Ensemble plus Solisten, sondern ist vielmehr die Potenz beider. (&#8230;)<br \/>\n<em><strong>Rainer Bratfisch in Jazz Podium<\/strong><\/em><\/address>\n<address>\u00a0<\/address>\n<address>\u00a0<\/address>\n<address>Hei\u00dfe Bl\u00e4sersatze zu schneller Ska-Musik<\/address>\n<address>Mit einem furiosen Schlagzeugsolo er\u00f6ffnete Drummer Kai Sch\u00f6nburg das Konzert des Hi Hornz Project in der Alten Molkerei. Mit geb\u00fcndelter Energie und atemberaubendem Tempo ging es weiter. Von Anfang an begeisterte die Band mit ihrer brisanten Mischung aus Ska, Jazz und Funk. (&#8230;) \u00dcberhaupt bot die Band an diesem Abend ein Konzert vom Feinsten. Glasklare Bl\u00e4sersatze, unglaublich schnell und virtuos gespielt, klangen zu rockigen Gitarren mit brillanter Melodiensprache. (&#8230;)<br \/>\n<em><strong>Gudrun Schr\u00f6ck in der &#8218;Borkener Zeitung&#8216;<\/strong><\/em><\/address>\n<address>Aber was gut ist, das hat halt Bestand \u2013 das nennt man einen gelungenen Konzertabend: mitrei\u00dfende Musik vom Hi Hornz Project aus K\u00f6ln. (&#8230;)\u00a0Coole Jungs, die den Jazz und Funk zelebrieren, als h\u00e4tten sie die Musik von James Brown und Maceo Parker mit der Muttermilch aufgesogen. Pure Energie, groovig, vibrierend, schwei\u00dftreibend.<\/address>\n<address><em><strong>Hermann-Josef Delonge in der &#8218;Aachener Zeitung&#8216;<\/strong><\/em><\/address>\n<address>(\u2026) Die Gruppe hat ein erstaunlich improvisatorisches Verst\u00e4ndnis untereinander entwickelt. (&#8230;)Hochkar\u00e4tiger Jazz, dem selbst Menschen, die f\u00fcr gew\u00f6hnlich seichtere kl\u00e4nge bevorzugen, anerkennend applaudieren. Das Hi Hornz Project ist ein Funk- und Ska-orientiertes Projekt. Man sp\u00fcrt es mit jeder Note, die die aus der K\u00f6lner und Berliner Jazzszene kommenden Musiker spielen. (&#8230;)Hier stehen sieben K\u00f6nner auf der B\u00fchne, die solistisch zeigen, was sie drauf haben, sich ihrer Qualit\u00e4ten als Ensemble aber voll bewusst sind. Tolles Konzert.<br \/>\n<em><strong>Ralf Schreiner in der Rheinischen Post<\/strong><\/em><\/address>\n","protected":false},"excerpt":{"rendered":"<p>\u00a0 &#8218;Christian Winninghoff hat neben seinen T\u00e4tigkeiten als Trompeter und Arrangeur u.a. f\u00fcr die Jazzkantine bisher drei Soloproduktionen ver\u00f6ffentlicht und entwickelte sich vom Mainstream-Jazzer mit ambitionierten Eigenkompositionen (\u203aLa Vie\u2039) \u00fcber das Crossover-Album \u203aColor Music\u2039 zum Leader des \u203aHi Hornz Projects\u2039, das mit einer Melange aus Jazz und Funk solistische Jazzpower und glasklare Bl\u00e4sers\u00e4tze mit erdigen &hellip; <\/p>\n<p class=\"link-more\"><a href=\"http:\/\/www.winmusic.de\/wp\/?page_id=672\" class=\"more-link\"><span class=\"screen-reader-text\">\u201eCW &#038; THE PRESENT TENSE\u201c <\/span>weiterlesen<\/a><\/p>\n","protected":false},"author":1,"featured_media":0,"parent":0,"menu_order":0,"comment_status":"closed","ping_status":"closed","template":"","meta":{"footnotes":""},"class_list":["post-672","page","type-page","status-publish","hentry"],"_links":{"self":[{"href":"http:\/\/www.winmusic.de\/wp\/index.php?rest_route=\/wp\/v2\/pages\/672","targetHints":{"allow":["GET"]}}],"collection":[{"href":"http:\/\/www.winmusic.de\/wp\/index.php?rest_route=\/wp\/v2\/pages"}],"about":[{"href":"http:\/\/www.winmusic.de\/wp\/index.php?rest_route=\/wp\/v2\/types\/page"}],"author":[{"embeddable":true,"href":"http:\/\/www.winmusic.de\/wp\/index.php?rest_route=\/wp\/v2\/users\/1"}],"replies":[{"embeddable":true,"href":"http:\/\/www.winmusic.de\/wp\/index.php?rest_route=%2Fwp%2Fv2%2Fcomments&post=672"}],"version-history":[{"count":22,"href":"http:\/\/www.winmusic.de\/wp\/index.php?rest_route=\/wp\/v2\/pages\/672\/revisions"}],"predecessor-version":[{"id":1045,"href":"http:\/\/www.winmusic.de\/wp\/index.php?rest_route=\/wp\/v2\/pages\/672\/revisions\/1045"}],"wp:attachment":[{"href":"http:\/\/www.winmusic.de\/wp\/index.php?rest_route=%2Fwp%2Fv2%2Fmedia&parent=672"}],"curies":[{"name":"wp","href":"https:\/\/api.w.org\/{rel}","templated":true}]}}