{"id":60,"date":"2011-09-06T11:52:00","date_gmt":"2011-09-06T09:52:00","guid":{"rendered":"http:\/\/www.winmusic.de\/wp\/?page_id=60"},"modified":"2018-09-02T14:00:37","modified_gmt":"2018-09-02T12:00:37","slug":"videos","status":"publish","type":"page","link":"http:\/\/www.winmusic.de\/wp\/?page_id=60","title":{"rendered":"Vid Mix"},"content":{"rendered":"<p><iframe loading=\"lazy\" title=\"Highway to hell - Jazzkantine feat. Tom Gaebel (ACDC Cover)\" width=\"525\" height=\"295\" src=\"https:\/\/www.youtube.com\/embed\/34AqFw3D78Q?feature=oembed\" frameborder=\"0\" allow=\"accelerometer; autoplay; clipboard-write; encrypted-media; gyroscope; picture-in-picture; web-share\" referrerpolicy=\"strict-origin-when-cross-origin\" allowfullscreen><\/iframe><br \/>\nTom Gaebel singt die JK-Version von ACDC&#8217;s &#8218;Highway to hell&#8216;<\/p>\n<p><iframe loading=\"lazy\" title=\"ODYSSEY Trailer\" width=\"525\" height=\"394\" src=\"https:\/\/www.youtube.com\/embed\/6sp2WcHtYhA?feature=oembed\" frameborder=\"0\" allow=\"accelerometer; autoplay; clipboard-write; encrypted-media; gyroscope; picture-in-picture; web-share\" referrerpolicy=\"strict-origin-when-cross-origin\" allowfullscreen><\/iframe><\/p>\n<p>Odyssey Projekt meines lieben JK-Kollegen Heiner Schmitz. Premiere feat. Christian Br\u00fcckner und Dave Liebman aus dem K\u00f6lner Stadtgarten.<\/p>\n<p><iframe loading=\"lazy\" title=\"Bahama Soul Club, &quot;TAKE 4&quot; -LIVE-\" width=\"525\" height=\"394\" src=\"https:\/\/www.youtube.com\/embed\/wrAU18x6Dwc?feature=oembed\" frameborder=\"0\" allow=\"accelerometer; autoplay; clipboard-write; encrypted-media; gyroscope; picture-in-picture; web-share\" referrerpolicy=\"strict-origin-when-cross-origin\" allowfullscreen><\/iframe><\/p>\n<p>Der Bahama Soul Club, 1. Gig in Wien + 1. St\u00fcck \u00a0Take Four.<\/p>\n<p>http:\/\/www.youtube.com\/watch?v=E057EsLRfGs&#038;feature=BFa&#038;list=AVGxdCwVVULXcOZnI9tuuYv1Gqws02y8a2&#038;index=18<\/p>\n<p>Jazzkantine&#8217;s Mic &amp; B\u00fchne: Einer meiner Live-Favoriten!<\/p>\n<p>http:\/\/www.youtube.com\/watch?v=LPaXadKvMW8<\/p>\n<p>mop mop-Remix eines Titels vom Bahama Soul Club, bei dem ich auch kompositorisch mitwirken durfte.<\/p>\n<p><iframe loading=\"lazy\" title=\"Jazzkantine - Oop Bop\" width=\"525\" height=\"394\" src=\"https:\/\/www.youtube.com\/embed\/saF0e4mDNac?feature=oembed\" frameborder=\"0\" allow=\"accelerometer; autoplay; clipboard-write; encrypted-media; gyroscope; picture-in-picture; web-share\" referrerpolicy=\"strict-origin-when-cross-origin\" allowfullscreen><\/iframe><\/p>\n<p>Oop Bop von Jazzkantine. Cappus Anti-Regen-Song! Witziges Video!<\/p>\n<p><iframe loading=\"lazy\" title=\"GLORIA GAYNOR IN KIEV\" width=\"525\" height=\"394\" src=\"https:\/\/www.youtube.com\/embed\/4-ruxG7sseY?feature=oembed\" frameborder=\"0\" allow=\"accelerometer; autoplay; clipboard-write; encrypted-media; gyroscope; picture-in-picture; web-share\" referrerpolicy=\"strict-origin-when-cross-origin\" allowfullscreen><\/iframe><\/p>\n<p>mit Flavius und Gloria Gaynor in Kiew: ein denkw\u00fcrdiger Abend!!! Hier sind Ausschnitte!<\/p>\n<p><iframe loading=\"lazy\" title=\"CCJO plays SLAYER - Threshold\" width=\"525\" height=\"394\" src=\"https:\/\/www.youtube.com\/embed\/glDE6IaQ_p0?feature=oembed\" frameborder=\"0\" allow=\"accelerometer; autoplay; clipboard-write; encrypted-media; gyroscope; picture-in-picture; web-share\" referrerpolicy=\"strict-origin-when-cross-origin\" allowfullscreen><\/iframe><\/p>\n<p>CCJO plays Slayer. Axel Knappmeyers knallharte Abrechnung mit Big Band Metal!<\/p>\n<p>&nbsp;<\/p>\n","protected":false},"excerpt":{"rendered":"<p>Tom Gaebel singt die JK-Version von ACDC&#8217;s &#8218;Highway to hell&#8216; Odyssey Projekt meines lieben JK-Kollegen Heiner Schmitz. Premiere feat. Christian Br\u00fcckner und Dave Liebman aus dem K\u00f6lner Stadtgarten. Der Bahama Soul Club, 1. Gig in Wien + 1. St\u00fcck \u00a0Take Four. http:\/\/www.youtube.com\/watch?v=E057EsLRfGs&#038;feature=BFa&#038;list=AVGxdCwVVULXcOZnI9tuuYv1Gqws02y8a2&#038;index=18 Jazzkantine&#8217;s Mic &amp; B\u00fchne: Einer meiner Live-Favoriten! http:\/\/www.youtube.com\/watch?v=LPaXadKvMW8 mop mop-Remix eines Titels vom &hellip; <\/p>\n<p class=\"link-more\"><a href=\"http:\/\/www.winmusic.de\/wp\/?page_id=60\" class=\"more-link\"><span class=\"screen-reader-text\">\u201eVid Mix\u201c <\/span>weiterlesen<\/a><\/p>\n","protected":false},"author":1,"featured_media":0,"parent":0,"menu_order":0,"comment_status":"closed","ping_status":"closed","template":"","meta":{"footnotes":""},"class_list":["post-60","page","type-page","status-publish","hentry"],"_links":{"self":[{"href":"http:\/\/www.winmusic.de\/wp\/index.php?rest_route=\/wp\/v2\/pages\/60","targetHints":{"allow":["GET"]}}],"collection":[{"href":"http:\/\/www.winmusic.de\/wp\/index.php?rest_route=\/wp\/v2\/pages"}],"about":[{"href":"http:\/\/www.winmusic.de\/wp\/index.php?rest_route=\/wp\/v2\/types\/page"}],"author":[{"embeddable":true,"href":"http:\/\/www.winmusic.de\/wp\/index.php?rest_route=\/wp\/v2\/users\/1"}],"replies":[{"embeddable":true,"href":"http:\/\/www.winmusic.de\/wp\/index.php?rest_route=%2Fwp%2Fv2%2Fcomments&post=60"}],"version-history":[{"count":14,"href":"http:\/\/www.winmusic.de\/wp\/index.php?rest_route=\/wp\/v2\/pages\/60\/revisions"}],"predecessor-version":[{"id":99,"href":"http:\/\/www.winmusic.de\/wp\/index.php?rest_route=\/wp\/v2\/pages\/60\/revisions\/99"}],"wp:attachment":[{"href":"http:\/\/www.winmusic.de\/wp\/index.php?rest_route=%2Fwp%2Fv2%2Fmedia&parent=60"}],"curies":[{"name":"wp","href":"https:\/\/api.w.org\/{rel}","templated":true}]}}