{"id":55,"date":"2018-09-01T11:50:38","date_gmt":"2018-09-01T09:50:38","guid":{"rendered":"http:\/\/www.winmusic.de\/wp\/?page_id=55"},"modified":"2024-08-09T11:05:43","modified_gmt":"2024-08-09T09:05:43","slug":"unterricht","status":"publish","type":"page","link":"http:\/\/www.winmusic.de\/wp\/?page_id=55","title":{"rendered":"Jugend musiziert"},"content":{"rendered":"<p><strong>Ergebnisse meiner Trompetensch\u00fcler bei &#8218;Jugend musiziert&#8216; 2006-2024<\/strong><\/p>\n<p align=\"LEFT\"><span style=\"font-size: small;\">2006: 1. Preis Regionalwettbewerb <\/span><span style=\"font-size: small;\"><em>&#8218;Blasinstrumente&#8216;<\/em><\/span><span style=\"font-size: small;\"> f\u00fcr F. Br\u00fcmmer (yamaha-MS)<br \/>\n2008: 1. Preis RW<\/span><span style=\"font-size: small;\"><em>&#8218;Blasensemble&#8216; <\/em><\/span><span style=\"font-size: small;\">f\u00fcr F. Br\u00fcmmer und C. Heitfeld (yamaha-MS)<br \/>\n2008: 1. Preis RW <\/span><span style=\"font-size: small;\"><em>&#8218;Blasensemble&#8216;<\/em><\/span><span style=\"font-size: small;\"> f\u00fcr J. und B. Gundlach (yamaha-MS)<br \/>\n2008: 2. Preis Landeswettbewerb <\/span><span style=\"font-size: small;\"><em>&#8218;Blasensemble&#8216;<\/em><\/span><span style=\"font-size: small;\"> f\u00fcr F. Br\u00fcmmer und C. Heitfeld<br \/>\n2009: 1. Preis RW <\/span><em><span style=\"font-size: small;\">&#8218;Blasinstrumente&#8216;<\/span><\/em><span style=\"font-size: small;\"> f\u00fcr F. Br\u00fcmmer , <\/span><span style=\"font-size: small;\"><em>25 P.<\/em><br \/>\n2009: 1. Preis RW <\/span><span style=\"font-size: small;\"><em>&#8218;Blasinstrumente&#8216;<\/em><\/span><span style=\"font-size: small;\"> f\u00fcr P. Lenski (MS Langenfeld)<br \/>\n2009: 1. Preis L<em>W <\/em><\/span><span style=\"font-size: small;\"><em>&#8218;Blasinstrumente&#8216;<\/em><\/span><span style=\"font-size: small;\"> f\u00fcr F. Br\u00fcmmer<br \/>\n2009: 2. Preis R<em>W<\/em><\/span><span style=\"font-size: small;\"><em>&#8218;Blasinstrumente&#8216; <\/em><\/span><span style=\"font-size: small;\">f\u00fcr\u00a0<\/span><span style=\"font-size: small;\">C. Heitfeld<br \/>\n2009: 1. Preis LW <\/span><span style=\"font-size: small;\"><em>&#8218;Blasinstrumente&#8216;<\/em><\/span><span style=\"font-size: small;\"> f\u00fcr F. Br\u00fcmmer<br \/>\n2009: 2. Preis LW<\/span><span style=\"font-size: small;\"><em>&#8218;Blasinstrumente&#8216;<\/em><\/span><span style=\"font-size: small;\"> f\u00fcr P. Lenski<br \/>\n2010: 1. Preis RW <\/span><span style=\"font-size: small;\"><em>&#8218;Blasinstrumente+Klavier&#8216;<\/em><\/span><span style=\"font-size: small;\"> f\u00fcr P. Lenski<br \/>\n2011: 1. Preis RW <\/span><span style=\"font-size: small;\"><em>&#8218;Blasensemble&#8216; <\/em><\/span><span style=\"font-size: small;\">f\u00fcr L. Keppler\/K. F\u00f6hringer (yamaha-MS), <\/span><span style=\"font-size: small;\"><em>25 P.<\/em><br \/>\n2011: 1. Preis RW <\/span><span style=\"font-size: small;\"><em>&#8218;Blasensemble&#8216; <\/em><\/span><span style=\"font-size: small;\">f\u00fcr B. Gundlach\/S. B\u00fcchel (yamaha\/Privat)<br \/>\n2012: 1. Preis RW &#8218;Blasinstrumente&#8216; f\u00fcr B. Gundlach , 25 P.<br \/>\n2012: 1. Preis RW &#8218;Blasinstrumente&#8216; f\u00fcr K. V\u00f6hringer<br \/>\n2012: 1. Preis RW &#8218;Blasinstrumente&#8216; f\u00fcr L. Keppler<br \/>\n2012: 1. Preis RW &#8218;Blasinstrumente&#8216; f\u00fcr R. Schaumburg (MS Henneberger)<br \/>\n2012: 1. Preis RW&#8217;Blasinstrumente&#8216; f\u00fcr P. Lenski<br \/>\n2015: 2. Preis RW &#8218;Blasinstrumente&#8216; f\u00fcr L. Siegberg (Privat)<br \/>\n2015: 1. Preis RW&#8217;Blasinstrumente&#8216; f\u00fcr K. Hoppe (MS Langenfeld)<br \/>\n2017: 1. Preis RW&#8217;Blasensemble&#8216; f\u00fcr K. Hoppe\/V. Fabritius (MS Langenfeld)<br \/>\n2017: 1. Preis &#8218;Musizierende Jugend&#8216; f\u00fcr Jonas Kotulla<br \/>\n2018: 1. Preis RW &#8218;Blasinstrumente&#8216; f\u00fcr Vivienne Fabritius, 25 P.<br \/>\n2018: 1. Preis RW &#8218;Blasinstrumente&#8216; f\u00fcr Jonas Kotulla<br \/>\n2018: 2. Preis RW &#8218;Blasinstrumente&#8216; f\u00fcr Bastian Budzinski (MS Sankt Augustin)<br \/>\n2018: 1. Preis LW &#8218;Blasinstrumente&#8216; f\u00fcr Jonas Kotulla (MS Sankt Augustin)<br \/>\n2019: 1. Preis RW &#8218;Blasinstrumente+Klavier&#8216; f\u00fcr Vivienne Fabritius\/Robin Arlinghaus<br \/>\n2019: 2. Preis LW &#8218;Blasinstrumente+Klavier&#8216; f\u00fcr Vivi Fabritius\/Robin Arlinghaus<br \/>\n<\/span><span style=\"font-size: small;\">2019: 1. Preis &#8218;Musizierende Jugend&#8216; f\u00fcr Bastian Budzinski<br \/>\n2019: 1. Preis &#8218;Musizierende Jugend&#8216; f\u00fcr Jonas Kotulla<br \/>\n2020: 1. Preis &#8218;Musizierende Jugend&#8216; f\u00fcr Jonathan Steffen (Euphonium-Sankt Augustin)<br \/>\n2020: 1. Preis RW &#8218;Blasensemble&#8216; f\u00fcr Vivi Fabritius\/Simon Jedamzik (MS Langenfeld)<br \/>\n2021: 1. Preis LW &#8218;Blasinstrumente&#8216; f\u00fcr Vivienne Fabritius<br \/>\n2021: 1. Preis LW &#8218;Blasinstrumente&#8216; f\u00fcr Simon Jedamzik<br \/>\n2021: 2. Preis LW &#8218;Blasinstrumente&#8216; f\u00fcr Jonathan Steffen<br \/>\n2021: 2. Preis BUNDESWETTBEWERB &#8218;Blasinstrumente&#8216; f\u00fcr Vivienne Fabritius<br \/>\n2021: 3. Preis BUNDESWETTBEWERB &#8218;Blasinstrumente&#8216; f\u00fcr Simon Jedamzik<br \/>\n2022: 1. Preis RW &#8218;Blasinstrumente+Klavier&#8216; f\u00fcr Juliette+Mireille Fabritius (MS Langenfeld)<br \/>\n2022: 1. Preis RW &#8218;Blasinstrumente+Klavier&#8216; f\u00fcr J.+J. Kr\u00fcger (MS Langenfeld)<br \/>\n2022: 1. Preis RW &#8218;Blasinstrumente+Klavier&#8216; f\u00fcr Simon+Marius Jedamzik (MS Langenfeld)<br \/>\n2022: 1. Preis LW &#8218;Blasinstrumente+Klavier&#8216; f\u00fcr J.+J. Kr\u00fcger (MS Langenfeld)<br \/>\n2022: 1. Preis LW &#8218;Blasinstrumente+Klavier&#8216; f\u00fcr S.+M. Jedamzik (MS Langenfeld)<br \/>\n2022: 1. Preis BUNDESWETTBEWERB &#8218;Blasinstrumente+Kl.&#8216; f\u00fcr S.+M. Jedamzik<br \/>\n2023: 1. Preis &#8218;Musizierende Jugend&#8216; f\u00fcr Julius Koch (MS Sankt Augustin)<br \/>\n<\/span><\/p>\n<p>&nbsp;<\/p>\n","protected":false},"excerpt":{"rendered":"<p>Ergebnisse meiner Trompetensch\u00fcler bei &#8218;Jugend musiziert&#8216; 2006-2024 2006: 1. Preis Regionalwettbewerb &#8218;Blasinstrumente&#8216; f\u00fcr F. Br\u00fcmmer (yamaha-MS) 2008: 1. Preis RW&#8218;Blasensemble&#8216; f\u00fcr F. Br\u00fcmmer und C. Heitfeld (yamaha-MS) 2008: 1. Preis RW &#8218;Blasensemble&#8216; f\u00fcr J. und B. Gundlach (yamaha-MS) 2008: 2. Preis Landeswettbewerb &#8218;Blasensemble&#8216; f\u00fcr F. Br\u00fcmmer und C. Heitfeld 2009: 1. Preis RW &#8218;Blasinstrumente&#8216; f\u00fcr &hellip; <\/p>\n<p class=\"link-more\"><a href=\"http:\/\/www.winmusic.de\/wp\/?page_id=55\" class=\"more-link\"><span class=\"screen-reader-text\">\u201eJugend musiziert\u201c <\/span>weiterlesen<\/a><\/p>\n","protected":false},"author":1,"featured_media":0,"parent":0,"menu_order":0,"comment_status":"closed","ping_status":"closed","template":"","meta":{"footnotes":""},"class_list":["post-55","page","type-page","status-publish","hentry"],"_links":{"self":[{"href":"http:\/\/www.winmusic.de\/wp\/index.php?rest_route=\/wp\/v2\/pages\/55","targetHints":{"allow":["GET"]}}],"collection":[{"href":"http:\/\/www.winmusic.de\/wp\/index.php?rest_route=\/wp\/v2\/pages"}],"about":[{"href":"http:\/\/www.winmusic.de\/wp\/index.php?rest_route=\/wp\/v2\/types\/page"}],"author":[{"embeddable":true,"href":"http:\/\/www.winmusic.de\/wp\/index.php?rest_route=\/wp\/v2\/users\/1"}],"replies":[{"embeddable":true,"href":"http:\/\/www.winmusic.de\/wp\/index.php?rest_route=%2Fwp%2Fv2%2Fcomments&post=55"}],"version-history":[{"count":20,"href":"http:\/\/www.winmusic.de\/wp\/index.php?rest_route=\/wp\/v2\/pages\/55\/revisions"}],"predecessor-version":[{"id":1119,"href":"http:\/\/www.winmusic.de\/wp\/index.php?rest_route=\/wp\/v2\/pages\/55\/revisions\/1119"}],"wp:attachment":[{"href":"http:\/\/www.winmusic.de\/wp\/index.php?rest_route=%2Fwp%2Fv2%2Fmedia&parent=55"}],"curies":[{"name":"wp","href":"https:\/\/api.w.org\/{rel}","templated":true}]}}