{"id":517,"date":"2013-03-22T17:02:58","date_gmt":"2013-03-22T15:02:58","guid":{"rendered":"http:\/\/www.winmusic.de\/wp\/?page_id=517"},"modified":"2013-03-22T17:02:58","modified_gmt":"2013-03-22T15:02:58","slug":"jazz-trumpet-book-vol-i","status":"publish","type":"page","link":"http:\/\/www.winmusic.de\/wp\/?page_id=517","title":{"rendered":"Jazz Trumpet Book Vol.I"},"content":{"rendered":"<p>Jazz Trumpet Book Vol.I ist ein Buch vorrangig f\u00fcr alle Trompeter, die ihr eigenes Jazz<br \/>\nStandard Repertoire aufbauen und erweitern m\u00f6chten. Der spieltechnische Grad der Jazz-Themen beginnt sch\u00fclergerecht auf leicht zu bew\u00e4ltigendem Niveau. Auch die Anforderungen an die Improvisation steigern sich kontinuierlich aber behutsam.<\/p>\n<p>Jeder der insgesamt dreizehn in diesem ersten Band vorliegenden Jazz Standards wird erg\u00e4nzt durch Infos, die sich auf das jeweilige St\u00fcck beziehen; die Vorstellung der relevanten Skalen und Akkorde, Form und Aufbau, komponierte Jazz-Solos und Solotranskriptionen. Erg\u00e4nzt werden diese praktischen Anleitungen durch Wissenswertes zu den Komponisten und zur Geschichte der St\u00fccke.<\/p>\n<p>Gro\u00dfartige Versionen einiger der wichtigsten Vertreter des Trompeten-Genres: u.a. Miles Davis, Chet Baker, Louis Armstrong, Freddie Hubbard, Wynton Marsalis.<\/p>\n<p>Von Christian Winninghoff<\/p>\n<p>&nbsp;<\/p>\n<p lang=\"en-GB\" style=\"text-align: left;\" align=\"CENTER\"><span style=\"font-family: AppleGothic, sans-serif;\">Mit zwei CD&#8217;s!<\/span><\/p>\n<p><span style=\"font-family: 'Helvetica Neue', sans-serif;\"><strong>Der Inhalt<\/strong><\/span><\/p>\n<p lang=\"en-GB\"><span style=\"font-family: 'Helvetica Neue', sans-serif;\"><span style=\"font-size: small;\">01. C-Jam Blues<br \/>\n<\/span><\/span><span style=\"font-family: 'Helvetica Neue', sans-serif;\">02. So What<br \/>\n<\/span><span style=\"font-family: 'Helvetica Neue', sans-serif;\">03. Mercy, Mercy, Mercy<br \/>\n<\/span><span style=\"font-family: 'Helvetica Neue', sans-serif;\">04. Bags&#8216; Groove<br \/>\n<\/span><span style=\"font-family: 'Helvetica Neue', sans-serif;\">05. What A Wonderful World<br \/>\n<\/span><span style=\"font-family: 'Helvetica Neue', sans-serif;\">06. Watermelon Man<br \/>\n<\/span><span style=\"font-family: 'Helvetica Neue', sans-serif;\">07. Summertime<br \/>\n<\/span><span style=\"font-family: 'Helvetica Neue', sans-serif;\">08. Song For My Father<br \/>\n<\/span><span style=\"font-family: 'Helvetica Neue', sans-serif;\">09. St. Louis Blues<br \/>\n<\/span><span style=\"font-family: 'Helvetica Neue', sans-serif;\">10. Beautiful Love<br \/>\n<\/span><span style=\"font-family: 'Helvetica Neue', sans-serif;\">11. When Lights Are Low<br \/>\n<\/span><span style=\"font-family: 'Helvetica Neue', sans-serif;\">12. But Not For Me<br \/>\n<\/span><span style=\"font-family: 'Helvetica Neue', sans-serif;\">13. Cantaloop (Original Mix)<\/span><\/p>\n<p lang=\"en-GB\">\n","protected":false},"excerpt":{"rendered":"<p>Jazz Trumpet Book Vol.I ist ein Buch vorrangig f\u00fcr alle Trompeter, die ihr eigenes Jazz Standard Repertoire aufbauen und erweitern m\u00f6chten. Der spieltechnische Grad der Jazz-Themen beginnt sch\u00fclergerecht auf leicht zu bew\u00e4ltigendem Niveau. Auch die Anforderungen an die Improvisation steigern sich kontinuierlich aber behutsam. Jeder der insgesamt dreizehn in diesem ersten Band vorliegenden Jazz Standards &hellip; <\/p>\n<p class=\"link-more\"><a href=\"http:\/\/www.winmusic.de\/wp\/?page_id=517\" class=\"more-link\"><span class=\"screen-reader-text\">\u201eJazz Trumpet Book Vol.I\u201c <\/span>weiterlesen<\/a><\/p>\n","protected":false},"author":1,"featured_media":0,"parent":51,"menu_order":0,"comment_status":"closed","ping_status":"closed","template":"","meta":{"footnotes":""},"class_list":["post-517","page","type-page","status-publish","hentry"],"_links":{"self":[{"href":"http:\/\/www.winmusic.de\/wp\/index.php?rest_route=\/wp\/v2\/pages\/517","targetHints":{"allow":["GET"]}}],"collection":[{"href":"http:\/\/www.winmusic.de\/wp\/index.php?rest_route=\/wp\/v2\/pages"}],"about":[{"href":"http:\/\/www.winmusic.de\/wp\/index.php?rest_route=\/wp\/v2\/types\/page"}],"author":[{"embeddable":true,"href":"http:\/\/www.winmusic.de\/wp\/index.php?rest_route=\/wp\/v2\/users\/1"}],"replies":[{"embeddable":true,"href":"http:\/\/www.winmusic.de\/wp\/index.php?rest_route=%2Fwp%2Fv2%2Fcomments&post=517"}],"version-history":[{"count":3,"href":"http:\/\/www.winmusic.de\/wp\/index.php?rest_route=\/wp\/v2\/pages\/517\/revisions"}],"predecessor-version":[{"id":539,"href":"http:\/\/www.winmusic.de\/wp\/index.php?rest_route=\/wp\/v2\/pages\/517\/revisions\/539"}],"up":[{"embeddable":true,"href":"http:\/\/www.winmusic.de\/wp\/index.php?rest_route=\/wp\/v2\/pages\/51"}],"wp:attachment":[{"href":"http:\/\/www.winmusic.de\/wp\/index.php?rest_route=%2Fwp%2Fv2%2Fmedia&parent=517"}],"curies":[{"name":"wp","href":"https:\/\/api.w.org\/{rel}","templated":true}]}}