{"id":51,"date":"2011-09-06T11:50:07","date_gmt":"2011-09-06T09:50:07","guid":{"rendered":"http:\/\/www.winmusic.de\/wp\/?page_id=51"},"modified":"2014-10-14T14:28:02","modified_gmt":"2014-10-14T12:28:02","slug":"noten","status":"publish","type":"page","link":"http:\/\/www.winmusic.de\/wp\/?page_id=51","title":{"rendered":"Noten"},"content":{"rendered":"<p>Hier gebe ich einen \u00dcberblick \u00fcber meine eigenen Programme bestimmt vor allem f\u00fcr den Unterricht der Blechblasinstrumente. <a href=\"#jamsession\">Jam Session<\/a> ist meine einf\u00fchrende Methode f\u00fcr das Thema Improvisation in popul\u00e4ren Stilen. <a title=\"12 Jazz Trumpet Solos\" href=\"http:\/\/www.winmusic.de\/wp\/?page_id=315\">12 Jazz Trumpet Solos <\/a>besteht aus 12 Solotranskriptionen stilpr\u00e4gender Jazztrompeter. <a title=\"Jazz Harmony\" href=\"http:\/\/www.winmusic.de\/wp\/?page_id=321\">Jazz Harmony<\/a> stellt komprimiert die wichtigsten Tonleitern, Akkorde und Modi vor und bietet eine Methode, sie praktisch einzu\u00fcben. <a title=\"Technische Studien f\u00fcr Trompete\" href=\"http:\/\/www.winmusic.de\/wp\/?page_id=328\">Technische Studien f\u00fcr Trompete<\/a> wendet sich an Trompeter, die sich systematisch auf ihrem Instrument verbessern m\u00f6chten, die \u00dcbungen sind unterteilt in die f\u00fcnf Schwerpunkte<\/p>\n<p>Tonerzeugung, Klangbildung, Sto\u00dftechnik, Binde\u00fcbungen, Atmung. Gr\u00f6\u00dftenteils aus Bearbeitungen bekannter St\u00fccke bestehen die B\u00e4nde <a title=\"Solo Trumpet Book Level I-IV\" href=\"http:\/\/www.winmusic.de\/wp\/?page_id=331\">Trumpet Solo Book, Level I-IV<\/a>. Hier baut sich step-by-step St\u00fcck ein Repertoire vom Anf\u00e4nger bis zum Hochschulaspiranten auf.<\/p>\n<p>Alle B\u00e4nde kann man per mail <em><strong>zum Preis von 14 \u20ac + 2,50 \u20ac Versand\u00a0<\/strong><\/em> <a title=\"kontakt\" href=\"http:\/\/www.winmusic.de\/wp\/?page_id=37\">bestellen<\/a>.<br \/>\nZahlung nach Erhalt, Rechnung liegt bei.<\/p>\n<p>Wer sich f\u00fcr Leadsheets\/Arrangements beispielsweise der Jazzkantine, Bahama Soul Club, CW&#8217;s HiHornz Project interessiert, kann sich gerne mit mir per mail in <a href=\"mailto:mail@winmusic.de\">Verbindung<\/a> setzen.<\/p>\n<hr \/>\n<p><a name=\"jamsession\"><\/a><\/p>\n<p>\u2192 <strong>Jam Session<\/strong><em>, Improvisation in all styles<\/em><\/p>\n<p>Das Buch<br \/>\nJam Session ist ein Buch f\u00fcr alle Instrumentalisten, die anfangen, sich mit dem Thema Jazz und Improvisation besch\u00e4ftigen. Der Schwierigkeitsgrad der St\u00fccke beginnt sch\u00fclergerecht auf sehr leichtem Niveau (Improvisieren mit 3 T\u00f6nen) und steigert sich kontinuierlich aber behutsam.<\/p>\n<p>Jedes der 12 play-a-long St\u00fccke wird erg\u00e4nzt durch \u00dcbungen, die sich auf das jeweilige St\u00fcck beziehen; das sind Skalen- und Akkord\u00fcbungen, H\u00f6r\u00fcbungen sowie von mir komponierte Beispiel-Solos.<\/p>\n<p>Die St\u00fccke haben unterschiedliche Stilistiken. Sie wechseln von Rock und Funk zu Jazz, Ballad und Hip Hop. Die Sch\u00fcler lernen so Unterschiede kennen in Groove, Phrasierung und Artikulation der jeweiligen Stilistik.<\/p>\n<p><strong>Der Inhalt:<\/strong><\/p>\n<p lang=\"en-GB\"><a class=\"highslide img_1\" href=\"http:\/\/www.winmusic.de\/wp\/wp-content\/uploads\/2011\/09\/five-note-funk.jpg\" onclick=\"return hs.expand(this)\"><img loading=\"lazy\" decoding=\"async\" class=\"size-medium wp-image-267 alignright\" title=\"five-note-funk\" alt=\"\" src=\"http:\/\/www.winmusic.de\/wp\/wp-content\/uploads\/2011\/09\/five-note-funk-213x300.jpg\" width=\"127\" height=\"174\" \/><\/a>01. Three-Note-Rock, CD-Tracks 1-5, Seite 4<br \/>\n02. Five-Note-Funk, CD-Tracks 6-9, Seite 6<br \/>\n\u2192 <a href=\"http:\/\/www.winmusic.de\/wp\/wp-content\/uploads\/2011\/09\/jam-session-five-note-funk-s-1-3.pdf\" target=\"_blank\">als PDF downloaden<\/a><br \/>\n03. Blowgun Blues, CD-Tracks 10-13, Seite 10<br \/>\n04. Cloud Nine \u2013 Ballad, CD-Tracks 14-17, Seite 12<br \/>\n05. M+M \u2013 HipHop, CD-Tracks 18-21, Seite 14<br \/>\n06. Loose Blues, CD-Track 22, Seite 16<br \/>\n07. The Beach \u2013 Bossa, CD-Tracks 23-24, Seite 20<br \/>\n08. New Mode \u2013 Modal Swing, CD-Tracks 25-26, Seite 24<br \/>\n09. Little Birdy \u2013 Pop, CD-Track 27, Seite 28<br \/>\n10. Step-By-Step \u2013 Medium Swing, CD-Tracks 28-29, Seite 30<br \/>\n11. The Turn \u2013 Cool Jazz, CD-Track 30, Seite 34<br \/>\n12. Speed Limits \u2013 Bebop, CD-Tracks 31-32, Seite 38<\/p>\n<p lang=\"en-GB\">Five-Note-Funk <a href=\"http:\/\/www.winmusic.de\/wp\/wp-content\/uploads\/2011\/09\/five-note-funk-1.mp3\">five note funk<\/a><\/p>\n<hr \/>\n<p><em><strong>weitere B\u00fccher:<\/strong><\/em><\/p>\n<p><a title=\"12 Jazz Trumpet Solos\" href=\"http:\/\/www.winmusic.de\/wp\/?page_id=315\">12 Jazz Trumpet Solos<\/a> &#8211; besteht aus 12 Solotranskriptionen stilpr\u00e4gender Jazztrompeter.<\/p>\n<p><a title=\"Jazz Harmony\" href=\"http:\/\/www.winmusic.de\/wp\/?page_id=321\">Jazz Harmony<\/a> &#8211; stellt komprimiert die wichtigsten Tonleitern, Akkorde und Modi vor und bietet eine Methode, sie praktisch einzu\u00fcben.<\/p>\n<p><a title=\"Solo Trumpet Book Level I-IV\" href=\"http:\/\/www.winmusic.de\/wp\/?page_id=331\">Solo Trumpet Book Level I-IV<\/a> &#8211; beinhaltet Unterrichtsliteratur f\u00fcr Trompete mit Klavier f\u00fcr die ersten vier Unterrichtsjahre.<\/p>\n<p><a title=\"Technische Studien f\u00fcr Trompete\" href=\"http:\/\/www.winmusic.de\/wp\/?page_id=328\">Technische Studien f\u00fcr Trompete<\/a> &#8211; wendet sich an Trompeter, die sich systematisch auf ihrem Instrument verbessern m\u00f6chten.<\/p>\n","protected":false},"excerpt":{"rendered":"<p>Hier gebe ich einen \u00dcberblick \u00fcber meine eigenen Programme bestimmt vor allem f\u00fcr den Unterricht der Blechblasinstrumente. Jam Session ist meine einf\u00fchrende Methode f\u00fcr das Thema Improvisation in popul\u00e4ren Stilen. 12 Jazz Trumpet Solos besteht aus 12 Solotranskriptionen stilpr\u00e4gender Jazztrompeter. Jazz Harmony stellt komprimiert die wichtigsten Tonleitern, Akkorde und Modi vor und bietet eine Methode, &hellip; <\/p>\n<p class=\"link-more\"><a href=\"http:\/\/www.winmusic.de\/wp\/?page_id=51\" class=\"more-link\"><span class=\"screen-reader-text\">\u201eNoten\u201c <\/span>weiterlesen<\/a><\/p>\n","protected":false},"author":1,"featured_media":0,"parent":0,"menu_order":0,"comment_status":"closed","ping_status":"closed","template":"sidebar-page.php","meta":{"footnotes":""},"class_list":["post-51","page","type-page","status-publish","hentry"],"_links":{"self":[{"href":"http:\/\/www.winmusic.de\/wp\/index.php?rest_route=\/wp\/v2\/pages\/51","targetHints":{"allow":["GET"]}}],"collection":[{"href":"http:\/\/www.winmusic.de\/wp\/index.php?rest_route=\/wp\/v2\/pages"}],"about":[{"href":"http:\/\/www.winmusic.de\/wp\/index.php?rest_route=\/wp\/v2\/types\/page"}],"author":[{"embeddable":true,"href":"http:\/\/www.winmusic.de\/wp\/index.php?rest_route=\/wp\/v2\/users\/1"}],"replies":[{"embeddable":true,"href":"http:\/\/www.winmusic.de\/wp\/index.php?rest_route=%2Fwp%2Fv2%2Fcomments&post=51"}],"version-history":[{"count":30,"href":"http:\/\/www.winmusic.de\/wp\/index.php?rest_route=\/wp\/v2\/pages\/51\/revisions"}],"predecessor-version":[{"id":683,"href":"http:\/\/www.winmusic.de\/wp\/index.php?rest_route=\/wp\/v2\/pages\/51\/revisions\/683"}],"wp:attachment":[{"href":"http:\/\/www.winmusic.de\/wp\/index.php?rest_route=%2Fwp%2Fv2%2Fmedia&parent=51"}],"curies":[{"name":"wp","href":"https:\/\/api.w.org\/{rel}","templated":true}]}}