{"id":49,"date":"2018-09-01T11:49:54","date_gmt":"2018-09-01T09:49:54","guid":{"rendered":"http:\/\/www.winmusic.de\/wp\/?page_id=49"},"modified":"2019-08-02T11:30:46","modified_gmt":"2019-08-02T09:30:46","slug":"fotos","status":"publish","type":"page","link":"http:\/\/www.winmusic.de\/wp\/?page_id=49","title":{"rendered":"Theater Theater!"},"content":{"rendered":"<p>In den vergangenen\u00a0Jahren hatte ich die M\u00f6glichkeit, bei vielen der\u00a0kultigen Braunschweig-Theaterst\u00fccke des Autors Peter Schanz mitzuwirken. Ob Western, Weihnachtsgeschichte, Musiktheater-Revue, immer waren es tolle Erlebnisse und grandiose Publikumserfolge. Hier ist\u00a0eine Auswahl einiger der sch\u00f6nsten und schr\u00e4gsten Fotos! Fotos by R\u00fcdiger Knuth und Nina Stiller!<\/p>\n<p style=\"text-align: left;\"><a class=\"highslide img_1\" href=\"http:\/\/www.winmusic.de\/wp\/wp-content\/uploads\/2018\/09\/64619254_2402890619947064_655700266099671040_n-1.jpg\" onclick=\"return hs.expand(this)\"><img loading=\"lazy\" decoding=\"async\" class=\"size-medium wp-image-959 alignleft\" src=\"http:\/\/www.winmusic.de\/wp\/wp-content\/uploads\/2018\/09\/64619254_2402890619947064_655700266099671040_n-1-300x212.jpg\" alt=\"\" width=\"300\" height=\"212\" srcset=\"http:\/\/www.winmusic.de\/wp\/wp-content\/uploads\/2018\/09\/64619254_2402890619947064_655700266099671040_n-1-300x212.jpg 300w, http:\/\/www.winmusic.de\/wp\/wp-content\/uploads\/2018\/09\/64619254_2402890619947064_655700266099671040_n-1-768x542.jpg 768w, http:\/\/www.winmusic.de\/wp\/wp-content\/uploads\/2018\/09\/64619254_2402890619947064_655700266099671040_n-1.jpg 960w\" sizes=\"auto, (max-width: 300px) 100vw, 300px\" \/><\/a><\/p>\n<p>&nbsp;<\/p>\n<p>&nbsp;<\/p>\n<p>&nbsp;<\/p>\n<p>&nbsp;<\/p>\n<p>&nbsp;<\/p>\n<p><em>&#8218;Hyper Hyper&#8216; 2019<\/em><\/p>\n<figure id=\"attachment_915\" aria-describedby=\"caption-attachment-915\" style=\"width: 300px\" class=\"wp-caption aligncenter\"><a class=\"highslide img_2\" href=\"http:\/\/www.winmusic.de\/wp\/wp-content\/uploads\/2011\/09\/38864893_220592031949250_8906254075742388224_n.jpg\" onclick=\"return hs.expand(this)\"><img loading=\"lazy\" decoding=\"async\" class=\"wp-image-915 size-medium\" src=\"http:\/\/www.winmusic.de\/wp\/wp-content\/uploads\/2011\/09\/38864893_220592031949250_8906254075742388224_n-300x200.jpg\" alt=\"\" width=\"300\" height=\"200\" srcset=\"http:\/\/www.winmusic.de\/wp\/wp-content\/uploads\/2011\/09\/38864893_220592031949250_8906254075742388224_n-300x200.jpg 300w, http:\/\/www.winmusic.de\/wp\/wp-content\/uploads\/2011\/09\/38864893_220592031949250_8906254075742388224_n-768x512.jpg 768w, http:\/\/www.winmusic.de\/wp\/wp-content\/uploads\/2011\/09\/38864893_220592031949250_8906254075742388224_n.jpg 960w\" sizes=\"auto, (max-width: 300px) 100vw, 300px\" \/><\/a><figcaption id=\"caption-attachment-915\" class=\"wp-caption-text\">&#8218;Der Fluch der Oker&#8216; 2018<\/figcaption><\/figure>\n<figure id=\"attachment_916\" aria-describedby=\"caption-attachment-916\" style=\"width: 300px\" class=\"wp-caption alignleft\"><a class=\"highslide img_3\" href=\"http:\/\/www.winmusic.de\/wp\/wp-content\/uploads\/2011\/09\/39496856_226661224675664_955648361006891008_n.jpg\" onclick=\"return hs.expand(this)\"><img loading=\"lazy\" decoding=\"async\" class=\"wp-image-916 size-medium\" src=\"http:\/\/www.winmusic.de\/wp\/wp-content\/uploads\/2011\/09\/39496856_226661224675664_955648361006891008_n-300x200.jpg\" alt=\"\" width=\"300\" height=\"200\" srcset=\"http:\/\/www.winmusic.de\/wp\/wp-content\/uploads\/2011\/09\/39496856_226661224675664_955648361006891008_n-300x200.jpg 300w, http:\/\/www.winmusic.de\/wp\/wp-content\/uploads\/2011\/09\/39496856_226661224675664_955648361006891008_n-768x512.jpg 768w, http:\/\/www.winmusic.de\/wp\/wp-content\/uploads\/2011\/09\/39496856_226661224675664_955648361006891008_n.jpg 960w\" sizes=\"auto, (max-width: 300px) 100vw, 300px\" \/><\/a><figcaption id=\"caption-attachment-916\" class=\"wp-caption-text\">&#8218;Der Fluch der Oker&#8216; 2018<\/figcaption><\/figure>\n<p>&nbsp;<\/p>\n<p>&nbsp;<\/p>\n<p>&nbsp;<\/p>\n<p>&nbsp;<\/p>\n<p>&nbsp;<\/p>\n<p>&nbsp;<\/p>\n<figure id=\"attachment_917\" aria-describedby=\"caption-attachment-917\" style=\"width: 300px\" class=\"wp-caption alignleft\"><a class=\"highslide img_4\" href=\"http:\/\/www.winmusic.de\/wp\/wp-content\/uploads\/2011\/09\/H3K.jpg\" onclick=\"return hs.expand(this)\"><img loading=\"lazy\" decoding=\"async\" class=\"wp-image-917 size-medium\" src=\"http:\/\/www.winmusic.de\/wp\/wp-content\/uploads\/2011\/09\/H3K-300x225.jpg\" alt=\"\" width=\"300\" height=\"225\" srcset=\"http:\/\/www.winmusic.de\/wp\/wp-content\/uploads\/2011\/09\/H3K-300x225.jpg 300w, http:\/\/www.winmusic.de\/wp\/wp-content\/uploads\/2011\/09\/H3K-768x576.jpg 768w, http:\/\/www.winmusic.de\/wp\/wp-content\/uploads\/2011\/09\/H3K.jpg 1024w\" sizes=\"auto, (max-width: 300px) 100vw, 300px\" \/><\/a><figcaption id=\"caption-attachment-917\" class=\"wp-caption-text\">&#8218;Die Kinderweihnachtsgeschichte&#8216; 2017 &#8211; mit Andy Lindner und Katrin Bothe<\/figcaption><\/figure>\n<p>&nbsp;<\/p>\n<p>&nbsp;<\/p>\n<p>&nbsp;<\/p>\n<p>&nbsp;<\/p>\n<p>&nbsp;<\/p>\n<p>&nbsp;<\/p>\n<p>&nbsp;<\/p>\n<figure id=\"attachment_918\" aria-describedby=\"caption-attachment-918\" style=\"width: 300px\" class=\"wp-caption aligncenter\"><a class=\"highslide img_5\" href=\"http:\/\/www.winmusic.de\/wp\/wp-content\/uploads\/2011\/09\/SMDLVL-1.jpg\" onclick=\"return hs.expand(this)\"><img loading=\"lazy\" decoding=\"async\" class=\"wp-image-918 size-medium\" src=\"http:\/\/www.winmusic.de\/wp\/wp-content\/uploads\/2011\/09\/SMDLVL-1-300x200.jpg\" alt=\"\" width=\"300\" height=\"200\" srcset=\"http:\/\/www.winmusic.de\/wp\/wp-content\/uploads\/2011\/09\/SMDLVL-1-300x200.jpg 300w, http:\/\/www.winmusic.de\/wp\/wp-content\/uploads\/2011\/09\/SMDLVL-1.jpg 573w\" sizes=\"auto, (max-width: 300px) 100vw, 300px\" \/><\/a><figcaption id=\"caption-attachment-918\" class=\"wp-caption-text\">&#8218;Spiel mir das Lied vom L\u00f6wen&#8216; 2016-2017 mit Jule Frenk, Katrin Bothe, Tom Bennecke<\/figcaption><\/figure>\n<p>&nbsp;<\/p>\n<figure id=\"attachment_923\" aria-describedby=\"caption-attachment-923\" style=\"width: 300px\" class=\"wp-caption alignleft\"><a class=\"highslide img_6\" href=\"http:\/\/www.winmusic.de\/wp\/wp-content\/uploads\/2011\/09\/2016-08-14-08.05.33.jpg\" onclick=\"return hs.expand(this)\"><img loading=\"lazy\" decoding=\"async\" class=\"wp-image-923 size-medium\" src=\"http:\/\/www.winmusic.de\/wp\/wp-content\/uploads\/2011\/09\/2016-08-14-08.05.33-300x200.jpg\" alt=\"\" width=\"300\" height=\"200\" srcset=\"http:\/\/www.winmusic.de\/wp\/wp-content\/uploads\/2011\/09\/2016-08-14-08.05.33-300x200.jpg 300w, http:\/\/www.winmusic.de\/wp\/wp-content\/uploads\/2011\/09\/2016-08-14-08.05.33-768x512.jpg 768w, http:\/\/www.winmusic.de\/wp\/wp-content\/uploads\/2011\/09\/2016-08-14-08.05.33-1024x683.jpg 1024w, http:\/\/www.winmusic.de\/wp\/wp-content\/uploads\/2011\/09\/2016-08-14-08.05.33.jpg 1200w\" sizes=\"auto, (max-width: 300px) 100vw, 300px\" \/><\/a><figcaption id=\"caption-attachment-923\" class=\"wp-caption-text\">&#8218;Spiel mir das Lied vom L\u00f6wen&#8216; 2016-2017 mit Heiner Schmitz<\/figcaption><\/figure>\n<p>&nbsp;<\/p>\n<p>&nbsp;<\/p>\n<p>&nbsp;<\/p>\n<p>&nbsp;<\/p>\n<p>&nbsp;<\/p>\n<p>&nbsp;<\/p>\n<p>&nbsp;<\/p>\n<figure id=\"attachment_921\" aria-describedby=\"caption-attachment-921\" style=\"width: 300px\" class=\"wp-caption alignleft\"><a class=\"highslide img_7\" href=\"http:\/\/www.winmusic.de\/wp\/wp-content\/uploads\/2011\/09\/18-Da-Da-Da-Premiere-DSC8289.jpg\" onclick=\"return hs.expand(this)\"><img loading=\"lazy\" decoding=\"async\" class=\"wp-image-921 size-medium\" src=\"http:\/\/www.winmusic.de\/wp\/wp-content\/uploads\/2011\/09\/18-Da-Da-Da-Premiere-DSC8289-300x200.jpg\" alt=\"\" width=\"300\" height=\"200\" srcset=\"http:\/\/www.winmusic.de\/wp\/wp-content\/uploads\/2011\/09\/18-Da-Da-Da-Premiere-DSC8289-300x200.jpg 300w, http:\/\/www.winmusic.de\/wp\/wp-content\/uploads\/2011\/09\/18-Da-Da-Da-Premiere-DSC8289.jpg 539w\" sizes=\"auto, (max-width: 300px) 100vw, 300px\" \/><\/a><figcaption id=\"caption-attachment-921\" class=\"wp-caption-text\">&#8218;Da Da Da &#8211; das 80er Musical&#8216; 2014-2015 mit Arne Stephan<\/figcaption><\/figure>\n<p>&nbsp;<\/p>\n<p>&nbsp;<\/p>\n<p>&nbsp;<\/p>\n<p>&nbsp;<\/p>\n<p>&nbsp;<\/p>\n<p>&nbsp;<\/p>\n<p>&nbsp;<\/p>\n<figure id=\"attachment_922\" aria-describedby=\"caption-attachment-922\" style=\"width: 300px\" class=\"wp-caption alignleft\"><a class=\"highslide img_8\" href=\"http:\/\/www.winmusic.de\/wp\/wp-content\/uploads\/2011\/09\/45-Da-Da-Da-Premiere-DSC6672.jpg\" onclick=\"return hs.expand(this)\"><img loading=\"lazy\" decoding=\"async\" class=\"wp-image-922 size-medium\" src=\"http:\/\/www.winmusic.de\/wp\/wp-content\/uploads\/2011\/09\/45-Da-Da-Da-Premiere-DSC6672-300x200.jpg\" alt=\"\" width=\"300\" height=\"200\" srcset=\"http:\/\/www.winmusic.de\/wp\/wp-content\/uploads\/2011\/09\/45-Da-Da-Da-Premiere-DSC6672-300x200.jpg 300w, http:\/\/www.winmusic.de\/wp\/wp-content\/uploads\/2011\/09\/45-Da-Da-Da-Premiere-DSC6672.jpg 539w\" sizes=\"auto, (max-width: 300px) 100vw, 300px\" \/><\/a><figcaption id=\"caption-attachment-922\" class=\"wp-caption-text\">&#8218;Da Da Da &#8211; das 80er Musical&#8216; 2014-2015 mit Jule Frenk, Arne Stephan, Louis, Cappucino<\/figcaption><\/figure>\n<p>&nbsp;<\/p>\n<p>&nbsp;<\/p>\n<p>&nbsp;<\/p>\n<p>&nbsp;<\/p>\n<p>&nbsp;<\/p>\n<p><a class=\"highslide img_9\" href=\"http:\/\/www.winmusic.de\/wp\/wp-content\/uploads\/2015\/03\/Hornz.jpg\" onclick=\"return hs.expand(this)\"><img loading=\"lazy\" decoding=\"async\" class=\"aligncenter size-medium wp-image-745\" src=\"http:\/\/www.winmusic.de\/wp\/wp-content\/uploads\/2015\/03\/Hornz.jpg\" alt=\"\" width=\"1\" height=\"1\" \/><\/a><a class=\"highslide img_10\" href=\"http:\/\/www.winmusic.de\/wp\/wp-content\/uploads\/2011\/09\/SMDLVL-3.jpg\" onclick=\"return hs.expand(this)\"><br \/>\n<\/a><\/p>\n<p>&nbsp;<\/p>\n<figure id=\"attachment_716\" aria-describedby=\"caption-attachment-716\" style=\"width: 199px\" class=\"wp-caption alignnone\"><a class=\"highslide img_11\" href=\"http:\/\/www.winmusic.de\/wp\/wp-content\/uploads\/2014\/02\/10639532_720109151390160_6284530084016428691_n.jpg\" onclick=\"return hs.expand(this)\"><img loading=\"lazy\" decoding=\"async\" class=\"wp-image-716 size-medium\" src=\"http:\/\/www.winmusic.de\/wp\/wp-content\/uploads\/2014\/02\/10639532_720109151390160_6284530084016428691_n-199x300.jpg\" alt=\"\" width=\"199\" height=\"300\" srcset=\"http:\/\/www.winmusic.de\/wp\/wp-content\/uploads\/2014\/02\/10639532_720109151390160_6284530084016428691_n-199x300.jpg 199w, http:\/\/www.winmusic.de\/wp\/wp-content\/uploads\/2014\/02\/10639532_720109151390160_6284530084016428691_n.jpg 639w\" sizes=\"auto, (max-width: 199px) 100vw, 199px\" \/><\/a><figcaption id=\"caption-attachment-716\" class=\"wp-caption-text\">&#8218;Da Da Da &#8211; Das 80er Musical&#8216; 2014-2015 mit Heiner Schmitz<\/figcaption><\/figure>\n<p>&nbsp;<\/p>\n<figure id=\"attachment_924\" aria-describedby=\"caption-attachment-924\" style=\"width: 300px\" class=\"wp-caption alignleft\"><a class=\"highslide img_12\" href=\"http:\/\/www.winmusic.de\/wp\/wp-content\/uploads\/2011\/09\/IMG_8825.jpg\" onclick=\"return hs.expand(this)\"><img loading=\"lazy\" decoding=\"async\" class=\"wp-image-924 size-medium\" src=\"http:\/\/www.winmusic.de\/wp\/wp-content\/uploads\/2011\/09\/IMG_8825-300x300.jpg\" alt=\"\" width=\"300\" height=\"300\" srcset=\"http:\/\/www.winmusic.de\/wp\/wp-content\/uploads\/2011\/09\/IMG_8825-300x300.jpg 300w, http:\/\/www.winmusic.de\/wp\/wp-content\/uploads\/2011\/09\/IMG_8825-150x150.jpg 150w, http:\/\/www.winmusic.de\/wp\/wp-content\/uploads\/2011\/09\/IMG_8825.jpg 640w\" sizes=\"auto, (max-width: 300px) 100vw, 300px\" \/><\/a><figcaption id=\"caption-attachment-924\" class=\"wp-caption-text\">&#8218;Die Braunschweiger Weihnachtsgeschichte&#8216; 2013 mit Cappucino und Christian Eitner<\/figcaption><\/figure>\n<p>&nbsp;<\/p>\n<p>&nbsp;<\/p>\n<p>&nbsp;<\/p>\n<p>&nbsp;<\/p>\n<p>&nbsp;<\/p>\n<p>&nbsp;<\/p>\n<p>&nbsp;<\/p>\n<p>&nbsp;<\/p>\n<p>&nbsp;<\/p>\n<figure id=\"attachment_925\" aria-describedby=\"caption-attachment-925\" style=\"width: 300px\" class=\"wp-caption alignleft\"><a class=\"highslide img_13\" href=\"http:\/\/www.winmusic.de\/wp\/wp-content\/uploads\/2011\/09\/oelper3-0104.jpg\" onclick=\"return hs.expand(this)\"><img loading=\"lazy\" decoding=\"async\" class=\"wp-image-925 size-medium\" src=\"http:\/\/www.winmusic.de\/wp\/wp-content\/uploads\/2011\/09\/oelper3-0104-300x224.jpg\" alt=\"\" width=\"300\" height=\"224\" srcset=\"http:\/\/www.winmusic.de\/wp\/wp-content\/uploads\/2011\/09\/oelper3-0104-300x224.jpg 300w, http:\/\/www.winmusic.de\/wp\/wp-content\/uploads\/2011\/09\/oelper3-0104-768x574.jpg 768w, http:\/\/www.winmusic.de\/wp\/wp-content\/uploads\/2011\/09\/oelper3-0104.jpg 810w\" sizes=\"auto, (max-width: 300px) 100vw, 300px\" \/><\/a><figcaption id=\"caption-attachment-925\" class=\"wp-caption-text\">&#8218;Das \u00d6lperium&#8216; 2012 mit den &#8218;Supastars&#8216;<\/figcaption><\/figure>\n<p>&nbsp;<\/p>\n<p>&nbsp;<\/p>\n<p>&nbsp;<\/p>\n<p>&nbsp;<\/p>\n<p>&nbsp;<\/p>\n<p>&nbsp;<\/p>\n<p>&nbsp;<\/p>\n","protected":false},"excerpt":{"rendered":"<p>In den vergangenen\u00a0Jahren hatte ich die M\u00f6glichkeit, bei vielen der\u00a0kultigen Braunschweig-Theaterst\u00fccke des Autors Peter Schanz mitzuwirken. Ob Western, Weihnachtsgeschichte, Musiktheater-Revue, immer waren es tolle Erlebnisse und grandiose Publikumserfolge. Hier ist\u00a0eine Auswahl einiger der sch\u00f6nsten und schr\u00e4gsten Fotos! Fotos by R\u00fcdiger Knuth und Nina Stiller! &nbsp; &nbsp; &nbsp; &nbsp; &nbsp; &#8218;Hyper Hyper&#8216; 2019 &nbsp; &nbsp; &nbsp; &hellip; <\/p>\n<p class=\"link-more\"><a href=\"http:\/\/www.winmusic.de\/wp\/?page_id=49\" class=\"more-link\"><span class=\"screen-reader-text\">\u201eTheater Theater!\u201c <\/span>weiterlesen<\/a><\/p>\n","protected":false},"author":1,"featured_media":0,"parent":0,"menu_order":0,"comment_status":"closed","ping_status":"closed","template":"","meta":{"footnotes":""},"class_list":["post-49","page","type-page","status-publish","hentry"],"_links":{"self":[{"href":"http:\/\/www.winmusic.de\/wp\/index.php?rest_route=\/wp\/v2\/pages\/49","targetHints":{"allow":["GET"]}}],"collection":[{"href":"http:\/\/www.winmusic.de\/wp\/index.php?rest_route=\/wp\/v2\/pages"}],"about":[{"href":"http:\/\/www.winmusic.de\/wp\/index.php?rest_route=\/wp\/v2\/types\/page"}],"author":[{"embeddable":true,"href":"http:\/\/www.winmusic.de\/wp\/index.php?rest_route=\/wp\/v2\/users\/1"}],"replies":[{"embeddable":true,"href":"http:\/\/www.winmusic.de\/wp\/index.php?rest_route=%2Fwp%2Fv2%2Fcomments&post=49"}],"version-history":[{"count":12,"href":"http:\/\/www.winmusic.de\/wp\/index.php?rest_route=\/wp\/v2\/pages\/49\/revisions"}],"predecessor-version":[{"id":177,"href":"http:\/\/www.winmusic.de\/wp\/index.php?rest_route=\/wp\/v2\/pages\/49\/revisions\/177"}],"wp:attachment":[{"href":"http:\/\/www.winmusic.de\/wp\/index.php?rest_route=%2Fwp%2Fv2%2Fmedia&parent=49"}],"curies":[{"name":"wp","href":"https:\/\/api.w.org\/{rel}","templated":true}]}}