{"id":47,"date":"2025-09-01T07:00:37","date_gmt":"2025-09-01T05:00:37","guid":{"rendered":"http:\/\/www.winmusic.de\/wp\/?page_id=47"},"modified":"2026-02-24T11:38:07","modified_gmt":"2026-02-24T09:38:07","slug":"discografie","status":"publish","type":"page","link":"http:\/\/www.winmusic.de\/wp\/?page_id=47","title":{"rendered":"Releases 1994-2026"},"content":{"rendered":"<table class=\"easy-table-creator tablesorter\" style=\"width: 99%;\">\n<tbody>\n<tr>\n<td><span style=\"font-size: x-small;\"><span style=\"font-size: x-small;\"><br \/>\n1994: Patrick Christensen: So what<br \/>\n1995: Luizinho Vieira &amp; Brazil Excess: Bahiafrica<br \/>\n1997: Bundesjazzorchester: Focus on vocals<br \/>\n1998: Big Band der HfM K\u00f6ln: IASJ Gala Concert<br \/>\n1998: Anja Krabbe: 497500<br \/>\n1998: Sasha: dedicated to &#8230; (Top Ten deutsche Albumcharts)<br \/>\n1998: Christian Winninghoff: La Vie<br \/>\n1999: Mr. Slin and the Phunk: Mr. Slin and the Phunk<br \/>\n1999: Matthias Petzold: Pang\u00e4a<br \/>\n2000: Sasha: &#8230; you (Top Ten der dtsch. Albumcharts)<br \/>\n2000: Der Wolf: Was soll ich sagen?<br \/>\n2000: Tobias Kremer Big Band feat. Tom Gable: Sinatra<br \/>\n2000: Markus Sukiennik: A night in Tunesia Suite<br \/>\n2000: Jazzkantine: In-Formation<br \/>\n2000: Jazzkantine : In-Formation (club-remixes)<br \/>\n2000: Tanzzkantine: Die Jazzkantine tanzzt! (Jazz-Award)<br \/>\n2000: H\u00f6rspiel: Doktor Norbert B\u00e4r<br \/>\n2001: Jazzkantine: Soundtrack Kinofilm &#8218;Viktor Vogel<br \/>\n\u2013 Commercial man&#8216;<br \/>\n2001: Heinz-Rudolf Kunze: Halt! (Top Ten deutsche Albumcharts)<br \/>\n2001: H\u00f6rspiel: Camilleri: Der Dieb der s\u00fc\u00dfen Dinge<br \/>\n2002: Peter Herborn: Large 2<br \/>\n2002: Matthias Petzold Working Band: Elements<br \/>\n2003: Fonk of Future: Quando Tu<br \/>\n2003: Jazzkantine: Unbegrenzt haltbar!<br \/>\n2004: Christian Winninghoff: Color Music<br \/>\n2005: Jazzkantine: 10 Jahre live (DVD)<br \/>\n2005: Lymann: Only Babies<br \/>\n2005: JuJu Orchestra: Kind of Latin (Nr. 1 Deutsche Dance-Charts)<br \/>\n2005: Victor Davies: Morning sun (JuJu Orchestra Remix)<br \/>\n2005: JuJu Orchestra: Take Four (Top Ten Deutsche Dance-Charts)<br \/>\n2005: Gabriel Perez &amp; CCJO feat. David Liebman: La Banda Grande<br \/>\n2005: JuJu Orchestra: brazilectro 7 Sampler<br \/>\n2006: Soundtrack: Kinofilm \u201aDie wilden H\u00fchner\u2019<br \/>\n2006: Jazzkantine: \u201a\u00d6lper-12 points \u2013 \u201adie erste Staffel\u2019<br \/>\n2006: Lymann: Baby Doo<br \/>\n2007: Jazzkantine: \u201a\u00d6lper-12 points \u2013 \u201adie zweite Staffel\u2019<br \/>\n2007: JuJu Orchestra: Bossa Nova is not a crime<br \/>\n2008: Tony Marshall: wie nie<br \/>\n2008: Jazzkantine: Teufelsk\u00fcche &#8211; Hell\u2019s Kitchen (Jazz Award, Echo-Nominierung)<br \/>\n2008: Bahama Soul Club: Rhythm is what makes Jazz Jazz<br \/>\n(Top 10, DDC)<br \/>\n2009: Christian Winninghoff: &#8218;The Hi Hornz Project&#8216;<br \/>\n2009: The Vals: Sticks &amp; Stones<br \/>\n2009: Jazzkantine: Unser Eintracht (Theatermusik)<br \/>\n2009: Karl Schmidt Big Band: Tanz Dich fit!<br \/>\n2009: eccomoreno: xiquembo<br \/>\n2010: Bahama Soul Club: Bossa Nova just smells funky<br \/>\n2011: Bahama Soul Club: Bossa Nova just smells funky<br \/>\n(club-remixes)<br \/>\n2011: Maxime Bender Orchestra: Fellowship<br \/>\n2011: Soundtrack: Kinofilm &#8218;Ruhm&#8216; mit Heino Ferch, Stefan Kurt, Senta Berger<br \/>\n2012: Axel Knappmeyer feat. CCJO: Slayer<br \/>\n2012: Caroline Thon&#8217;s Thoneline Orchestra: Panta Rei<br \/>\n2012: Ulla Oster: When we are kings<br \/>\n2012: Jazzkantine: &#8230; spielt Volkslieder<br \/>\n2012: Heiner Schmitz feat. CCJO, F. K\u00f6ster, C. Br\u00fcckner: Odyssey<br \/>\n2012: Matthias Petzold: Mirrors<br \/>\n2012: Theatermusik: Braunschweiger Weihnachtsgeschichte<br \/>\n2013: Imis: Eijentlich<br \/>\n2013: Jazzkantine: Ultrahocherhitzt<br \/>\n2013: Adriano Batolba Orchestra: Live<br \/>\n2014: Jazzkantine + NDR Big Band: Ohne Stecker<br \/>\n<\/span><\/span><span style=\"font-size: x-small;\"><span style=\"font-size: x-small;\">2015:\u00a0Kal David &amp; Laurie Bono: Favorite Songs<br \/>\n2016: Jazzkantine: Old&#8217;s&#8217;Cool<br \/>\n2017: Christian Winninghoff: 28 Easy Pop &amp; Jazz Duets (Bruno Uetz-Verlag)<br \/>\n2017: Christian Winninghoff: Jazz Harmony (Bruno Uetz-Verlag)<br \/>\n2019: Christian Winninghoff: Easy Pop &amp; Jazz Quartets (Bruno Uetz-Verlag)<br \/>\n2019: Jazzkantine: Mit Pauken und Trompeten<br \/>\n2022: Christian Winninghoff: Cloud Sounds<br \/>\n2022: Jazzkantine: Discotheque<br \/>\n2023: Die Phonauten: Mexikanerin<br \/>\n2024: Jazzkantine: live@Elbjazz und neue Songs<br \/>\n2026: Cologne Contemporary Jazz Orchestra: Homegrown Live<\/span><\/span><\/td>\n<td><a class=\"highslide img_1\" href=\"http:\/\/www.winmusic.de\/wp\/wp-content\/uploads\/2011\/09\/discos-200px.jpg\" onclick=\"return hs.expand(this)\"><img loading=\"lazy\" decoding=\"async\" class=\"alignnone size-full wp-image-242\" title=\"discos-200px\" src=\"http:\/\/www.winmusic.de\/wp\/wp-content\/uploads\/2011\/09\/discos-200px.jpg\" alt=\"\" width=\"200\" height=\"1033\" srcset=\"http:\/\/www.winmusic.de\/wp\/wp-content\/uploads\/2011\/09\/discos-200px.jpg 200w, http:\/\/www.winmusic.de\/wp\/wp-content\/uploads\/2011\/09\/discos-200px-58x300.jpg 58w, http:\/\/www.winmusic.de\/wp\/wp-content\/uploads\/2011\/09\/discos-200px-198x1024.jpg 198w\" sizes=\"auto, (max-width: 200px) 100vw, 200px\" \/><\/a><\/td>\n<\/tr>\n<\/tbody>\n<\/table>\n","protected":false},"excerpt":{"rendered":"<p>1994: Patrick Christensen: So what 1995: Luizinho Vieira &amp; Brazil Excess: Bahiafrica 1997: Bundesjazzorchester: Focus on vocals 1998: Big Band der HfM K\u00f6ln: IASJ Gala Concert 1998: Anja Krabbe: 497500 1998: Sasha: dedicated to &#8230; (Top Ten deutsche Albumcharts) 1998: Christian Winninghoff: La Vie 1999: Mr. Slin and the Phunk: Mr. Slin and the Phunk &hellip; <\/p>\n<p class=\"link-more\"><a href=\"http:\/\/www.winmusic.de\/wp\/?page_id=47\" class=\"more-link\"><span class=\"screen-reader-text\">\u201eReleases 1994-2026\u201c <\/span>weiterlesen<\/a><\/p>\n","protected":false},"author":1,"featured_media":0,"parent":0,"menu_order":0,"comment_status":"closed","ping_status":"closed","template":"","meta":{"footnotes":""},"class_list":["post-47","page","type-page","status-publish","hentry"],"_links":{"self":[{"href":"http:\/\/www.winmusic.de\/wp\/index.php?rest_route=\/wp\/v2\/pages\/47","targetHints":{"allow":["GET"]}}],"collection":[{"href":"http:\/\/www.winmusic.de\/wp\/index.php?rest_route=\/wp\/v2\/pages"}],"about":[{"href":"http:\/\/www.winmusic.de\/wp\/index.php?rest_route=\/wp\/v2\/types\/page"}],"author":[{"embeddable":true,"href":"http:\/\/www.winmusic.de\/wp\/index.php?rest_route=\/wp\/v2\/users\/1"}],"replies":[{"embeddable":true,"href":"http:\/\/www.winmusic.de\/wp\/index.php?rest_route=%2Fwp%2Fv2%2Fcomments&post=47"}],"version-history":[{"count":40,"href":"http:\/\/www.winmusic.de\/wp\/index.php?rest_route=\/wp\/v2\/pages\/47\/revisions"}],"predecessor-version":[{"id":1143,"href":"http:\/\/www.winmusic.de\/wp\/index.php?rest_route=\/wp\/v2\/pages\/47\/revisions\/1143"}],"wp:attachment":[{"href":"http:\/\/www.winmusic.de\/wp\/index.php?rest_route=%2Fwp%2Fv2%2Fmedia&parent=47"}],"curies":[{"name":"wp","href":"https:\/\/api.w.org\/{rel}","templated":true}]}}