{"id":331,"date":"2011-09-12T12:20:08","date_gmt":"2011-09-12T10:20:08","guid":{"rendered":"http:\/\/www.winmusic.de\/wp\/?page_id=331"},"modified":"2017-03-23T15:02:02","modified_gmt":"2017-03-23T13:02:02","slug":"solo-trumpet-book-level-i-iv","status":"publish","type":"page","link":"http:\/\/www.winmusic.de\/wp\/?page_id=331","title":{"rendered":"Solo Trumpet Book Level I-IV"},"content":{"rendered":"<p>Die Reihe: Solo Trumpet Book Level I-IV<\/p>\n<p>Die Reihe Solo Trumpet Book &#8211; Level I- Level IV beinhaltet Unterrichtsliteratur f\u00fcr Trompete mit Klavier f\u00fcr die ersten vier Unterrichtsjahre. Die von mir zusammengestellte Auswahl besteht aus Spielst\u00fccken in unterschiedlichen Stilistiken, die im Schwierigkeitsgrad behutsam aufbauen. Sie machen Spa\u00df zu \u00fcben und f\u00f6rdern die Entwicklung von Musikalit\u00e4t und Ausdruck. Auf den Play-A-Long-CD\u2019s h\u00f6rt man die Klavierbegleitungen in 2 verschiedenen Tempi, einmal mit, einmal ohne Metronomclick.<\/p>\n<p>Preis pro Heft: 14,50 \u20ac inkl. CD und Versand<\/p>\n<p><strong>Der Inhalt:<\/strong><\/p>\n<p><strong><em>Solo Trumpet Book Level I (Das Blaue Buch)<\/em><\/strong><\/p>\n<p>1. Guten Morgen \u2013 A. Samonov<br \/>\n2. Guten Morgen<br \/>\n3. Alphabet \u2013 W.A. Mozart<br \/>\n4. Alphabet<br \/>\n5. Prelude \u2013 F. Chopin<br \/>\n6. Prelude<br \/>\n7. Der Tannenbaum &#8211; Volkslied<br \/>\n8. Der Tannenbaum<br \/>\n9. Chanson Russe \u2013 P.I. Tchaikovsky<br \/>\n10. Chanson Russe<br \/>\n11. Cold Comfort \u2013 J. Wallace<br \/>\n12. Cold Comfort<br \/>\n13. Ronde \u2013 T. Susato<br \/>\n14. Ronde<br \/>\n15.Early morning in Rome \u2013 C. Monteverdi<br \/>\n16.Early morning in Rome<br \/>\n17.Stoke\u2019s Stomp \u2013 J. Wallace<br \/>\n18.Stoke\u2019s Stomp<br \/>\n19.Choral \u2013 J.S. Bach<br \/>\n20.Choral<br \/>\n21.Wiegenlied \u2013 J. Brahms<br \/>\n22.Wiegenlied<br \/>\n23.Menuett \u2013 G.P. Telemann<br \/>\n<a class=\"highslide img_1\" href=\"http:\/\/www.winmusic.de\/wp\/wp-content\/uploads\/2011\/09\/solo-trumpet-book1-telemann-menuett.jpg\" onclick=\"return hs.expand(this)\"><img loading=\"lazy\" decoding=\"async\" class=\"alignnone\" title=\"solo-trumpet-book1-telemann-menuett\" src=\"http:\/\/www.winmusic.de\/wp\/wp-content\/uploads\/2011\/09\/solo-trumpet-book1-telemann-menuett.jpg\" alt=\"\" width=\"359\" height=\"520\" \/><\/a><br \/>\n<a href=\"http:\/\/www.winmusic.de\/wp\/wp-content\/uploads\/2011\/09\/solo-trumpet-book-1-telemann-menuett.pdf\" target=\"_blank\"><em>Download als PDF<\/em><\/a><\/p>\n<p><a href=\"http:\/\/www.winmusic.de\/wp\/wp-content\/uploads\/2011\/09\/menuett120-level-1.mp3\">menuett120-level 1<\/a><\/p>\n<p>24.Menuett<br \/>\n25.Vom Himmel hoch \u2013 J.S. Bach<br \/>\n26.Vom Himmel hoch<br \/>\n27.Soldatenmarsch \u2013 R. Schumann<br \/>\n28.Soldatenmarsch<br \/>\n29.Ode an die Freude \u2013 L.v. Beethoven<br \/>\n30.Ode an die Freude<\/p>\n<p><em><strong>Solo Trumpet Book Level II (Das Rote Buch)<\/strong><\/em><\/p>\n<p>01. Cancan \u2013 J. Offenbach<br \/>\n02. Cancan<br \/>\n03. Allegro \u2013 B. Bartok<br \/>\n04. Allegro<br \/>\n05. O Jesulein s\u00fc\u00df \u2013 J.S. Bach<br \/>\n06. O Jesulein s\u00fc\u00df<br \/>\n07. Alabama Dream \u2013 S. Joplin<br \/>\n08.Alabama Dream<br \/>\n09. Menuett \u2013 J.S. Bach<br \/>\n10. Menuett<br \/>\n11. Andantino \u2013 A. Chatchaturian<br \/>\n12. Andantino<br \/>\n13. Feierlied \u2013 L. v. Beethoven<br \/>\n14. Feierlied<br \/>\n15. Duet \u2013 C. Norton<br \/>\n16. Duet<br \/>\n17. Lied \u2013 B. Bartok<br \/>\n18. Lied<br \/>\n19. Pavana \u2013 M. Ravel<br \/>\n20. Pavana<br \/>\n21. The Entertainer \u2013 S. Joplin<br \/>\n22. The Entertainer<br \/>\n23. Enterrement de la poup\u00e9e \u2013 P.I. Tchaikovsky<br \/>\n24. Enterrement de la poup\u00e9e<br \/>\n25. Trumpet Tune \u2013 H. Purcell<br \/>\n26. Trumpet Tune<br \/>\n27. M\u00e9lodie antique \u2013 P.I. Tchaikovsky<br \/>\n28. M\u00e9lodie antique<br \/>\n29. Gymnopedie \u2013 J. Satie<br \/>\n30. Gymnopedie<\/p>\n<p><em><strong>Solo Trumpet Book Level III (Das Gr\u00fcne Buch)<\/strong><\/em><\/p>\n<p>1.Trumpet Tune \u2013 H. Purcell<br \/>\n2.Trumpet Tune<br \/>\n3.Sonate Nr.1, 2. Satz \u2013 J. Hook<br \/>\n4.Sonate Nr.1, 2. Satz<br \/>\n5.Legend \u2013 P. I. Tchaikovsky<br \/>\n6.Legend<br \/>\n7.Big Time \u2013 C. Norton<br \/>\n8.Big Time<br \/>\n9.Bowler Hat \u2013 C. Norton<br \/>\n10.Bowler Hat<br \/>\n11.Londonderry Air \u2013 trad.<br \/>\n12.Londonderry Air<br \/>\n13.Rigaudon \u2013 J.C. Daquin<br \/>\n14.Rigaudon<br \/>\n15.Marsch \u2013 anonym<br \/>\n16.Marsch<br \/>\n17.Walking the dog \u2013 C. Norton<br \/>\n18.Walking the dog<br \/>\n19.Strolling \u2013 C. Norton<br \/>\n20.Strolling<br \/>\n21.Suite Nr.1, 1. Satz \u2013 G. P. Telemann<br \/>\n22.Suite Nr.1, 1. Satz<br \/>\n23.Suite Nr.1, 5. Satz \u2013 G. P. Telemann<br \/>\n24.Suite Nr.1, 5. Satz<br \/>\n25.Le petit n\u00e8gre \u2013 J.C. Debussy<br \/>\n26.Le petit n\u00e8gre<br \/>\n27.Sophisticated Lady \u2013 D. Ellington<br \/>\n<a class=\"highslide img_2\" href=\"http:\/\/www.winmusic.de\/wp\/wp-content\/uploads\/2011\/09\/solo-trumpet-book-III-ellington-sophisticated-lady.jpg\" onclick=\"return hs.expand(this)\"><img loading=\"lazy\" decoding=\"async\" class=\"alignnone size-medium wp-image-391\" title=\"solo trumpet book III-ellington sophisticated lady\" src=\"http:\/\/www.winmusic.de\/wp\/wp-content\/uploads\/2011\/09\/solo-trumpet-book-III-ellington-sophisticated-lady-210x300.jpg\" alt=\"\" width=\"210\" height=\"300\" srcset=\"http:\/\/www.winmusic.de\/wp\/wp-content\/uploads\/2011\/09\/solo-trumpet-book-III-ellington-sophisticated-lady-210x300.jpg 210w, http:\/\/www.winmusic.de\/wp\/wp-content\/uploads\/2011\/09\/solo-trumpet-book-III-ellington-sophisticated-lady.jpg 600w\" sizes=\"auto, (max-width: 210px) 100vw, 210px\" \/><\/a><br \/>\n<a href=\"http:\/\/www.winmusic.de\/wp\/wp-content\/uploads\/2011\/09\/solo-trumpet-book-III-ellington-sophisticated-lady.pdf\" target=\"_blank\"><em>Download als PDF<\/em><\/a><br \/>\n28.Sophisticated Lady<br \/>\n29.Der wilde Reiter \u2013 R. Schumann<br \/>\n30.Der wilde Reiter<br \/>\n31.Take Five \u2013 P. Desmond<br \/>\n32.Take Five<br \/>\n33.Die Jagdgesellschaft \u2013 J.N. Hummel<br \/>\n34.Die Jagdgesellschaft<br \/>\n35.Sailor\u2019s Hornpipe \u2013 trad.<br \/>\n36.Sailor\u2019s Hornpipe<\/p>\n<p><em><strong>Solo Trumpet Book Level IV (Das Bronzene Buch)<\/strong><\/em><\/p>\n<p><em>CD-Reihenfolge:<\/em><\/p>\n<p>01. Debut \u2013 F. Achac (cl.)<br \/>\n02. Debut \u2013 F. Achac<br \/>\n03. Ave Maria \u2013 Bach-Gounod (cl.)<br \/>\n04. Ave Maria \u2013 Bach-Gounod<br \/>\n05. Andante moderato \u2013 G. Balay (cl.)<br \/>\n06. Andante moderato \u2013 G. Balay<br \/>\n07. Allegro \u2013 G. Balay (cl.)<br \/>\n08. Allegro \u2013 G. Balay<br \/>\n09. Sonatina-Andantino \u2013 Diabelli (cl.)<br \/>\n10. Sonatina-Andantino &#8211; Diabelli<br \/>\n11. Conversation \u2013 C. Grundman (cl.)<br \/>\n12. Conversation \u2013 C. Grundman<br \/>\n13. Konzert &#8211; Andante \u2013 J. Haydn (cl.)<br \/>\n14. Konzert &#8211; Andante \u2013 J. Haydn<br \/>\n15. Siciliana \u2013 G.F. H\u00e4ndel (cl.)<br \/>\n16. Siciliana \u2013 G.F. H\u00e4ndel<br \/>\n17. Allegro \u2013 G.F. H\u00e4ndel (cl.)<br \/>\n<a class=\"highslide img_3\" href=\"http:\/\/www.winmusic.de\/wp\/wp-content\/uploads\/2011\/09\/solo-trumpet-book-IV-haendel-allegro.jpg\" onclick=\"return hs.expand(this)\"><img loading=\"lazy\" decoding=\"async\" class=\"alignnone size-medium wp-image-399\" title=\"solo trumpet book IV-haendel allegro\" src=\"http:\/\/www.winmusic.de\/wp\/wp-content\/uploads\/2011\/09\/solo-trumpet-book-IV-haendel-allegro-207x300.jpg\" alt=\"\" width=\"207\" height=\"300\" srcset=\"http:\/\/www.winmusic.de\/wp\/wp-content\/uploads\/2011\/09\/solo-trumpet-book-IV-haendel-allegro-207x300.jpg 207w, http:\/\/www.winmusic.de\/wp\/wp-content\/uploads\/2011\/09\/solo-trumpet-book-IV-haendel-allegro.jpg 612w\" sizes=\"auto, (max-width: 207px) 100vw, 207px\" \/><\/a><br \/>\n<a href=\"http:\/\/www.winmusic.de\/wp\/wp-content\/uploads\/2011\/09\/solo-trumpet-book-IV-haendel-allegro.pdf\" target=\"_blank\"><em>Download als PDF<\/em><\/a><\/p>\n<p><a href=\"http:\/\/www.winmusic.de\/wp\/wp-content\/uploads\/2011\/09\/haendel-allegro-108.mp3\">haendel-allegro 108<\/a><\/p>\n<p>18. Allegro \u2013 G.F. H\u00e4ndel<br \/>\n19. Sonata No. 2-Allegretto \u2013 Hook (cl.)<br \/>\n20. Sonata No. 2-Allegretto \u2013 Hook<br \/>\n21. Sonata No. 2-Rondo \u2013 Hook (cl.)<br \/>\n22. Sonata No. 2-Rondo \u2013 Hook<br \/>\n23. That warm feeling \u2013 S. Nestico<br \/>\n24. My funny valentine- Rodgers\/Hart (cl.)<br \/>\n25. My funny valentine- Rodgers\/Hart<br \/>\n26. Theme \u2013 D. Stone (cl.)<br \/>\n27. Theme \u2013 D. Stone<br \/>\n28. Variations No. 1 \u2013 D. Stone (cl.)<br \/>\n29. Variations No. 1 \u2013 D. Stone<br \/>\n30. Variations No. 2 \u2013 D. Stone (cl.)<br \/>\n31. Variations No. 2 \u2013 D. Stone<br \/>\n32. Theme + Variations \u2013 D. Stone<br \/>\n33. Technology \u2013 van Gorp (cl.)<br \/>\n34.Technology \u2013 van Gorp<\/p>\n<p>&nbsp;<\/p>\n","protected":false},"excerpt":{"rendered":"<p>Die Reihe: Solo Trumpet Book Level I-IV Die Reihe Solo Trumpet Book &#8211; Level I- Level IV beinhaltet Unterrichtsliteratur f\u00fcr Trompete mit Klavier f\u00fcr die ersten vier Unterrichtsjahre. Die von mir zusammengestellte Auswahl besteht aus Spielst\u00fccken in unterschiedlichen Stilistiken, die im Schwierigkeitsgrad behutsam aufbauen. Sie machen Spa\u00df zu \u00fcben und f\u00f6rdern die Entwicklung von Musikalit\u00e4t &hellip; <\/p>\n<p class=\"link-more\"><a href=\"http:\/\/www.winmusic.de\/wp\/?page_id=331\" class=\"more-link\"><span class=\"screen-reader-text\">\u201eSolo Trumpet Book Level I-IV\u201c <\/span>weiterlesen<\/a><\/p>\n","protected":false},"author":1,"featured_media":0,"parent":51,"menu_order":0,"comment_status":"closed","ping_status":"closed","template":"","meta":{"footnotes":""},"class_list":["post-331","page","type-page","status-publish","hentry"],"_links":{"self":[{"href":"http:\/\/www.winmusic.de\/wp\/index.php?rest_route=\/wp\/v2\/pages\/331","targetHints":{"allow":["GET"]}}],"collection":[{"href":"http:\/\/www.winmusic.de\/wp\/index.php?rest_route=\/wp\/v2\/pages"}],"about":[{"href":"http:\/\/www.winmusic.de\/wp\/index.php?rest_route=\/wp\/v2\/types\/page"}],"author":[{"embeddable":true,"href":"http:\/\/www.winmusic.de\/wp\/index.php?rest_route=\/wp\/v2\/users\/1"}],"replies":[{"embeddable":true,"href":"http:\/\/www.winmusic.de\/wp\/index.php?rest_route=%2Fwp%2Fv2%2Fcomments&post=331"}],"version-history":[{"count":13,"href":"http:\/\/www.winmusic.de\/wp\/index.php?rest_route=\/wp\/v2\/pages\/331\/revisions"}],"predecessor-version":[{"id":827,"href":"http:\/\/www.winmusic.de\/wp\/index.php?rest_route=\/wp\/v2\/pages\/331\/revisions\/827"}],"up":[{"embeddable":true,"href":"http:\/\/www.winmusic.de\/wp\/index.php?rest_route=\/wp\/v2\/pages\/51"}],"wp:attachment":[{"href":"http:\/\/www.winmusic.de\/wp\/index.php?rest_route=%2Fwp%2Fv2%2Fmedia&parent=331"}],"curies":[{"name":"wp","href":"https:\/\/api.w.org\/{rel}","templated":true}]}}