{"id":2,"date":"2018-09-01T08:00:33","date_gmt":"2018-09-01T06:00:33","guid":{"rendered":"http:\/\/www.winmusic.de\/wp\/?page_id=2"},"modified":"2019-08-02T11:27:28","modified_gmt":"2019-08-02T09:27:28","slug":"beispiel-seite","status":"publish","type":"page","link":"http:\/\/www.winmusic.de\/wp\/?page_id=2","title":{"rendered":"CW&#8217;s CV"},"content":{"rendered":"<p><a class=\"highslide img_1\" href=\"http:\/\/www.winmusic.de\/wp\/wp-content\/uploads\/2011\/09\/cw7.jpg\" onclick=\"return hs.expand(this)\"><img loading=\"lazy\" decoding=\"async\" class=\"size-thumbnail wp-image-25 alignright\" title=\"Christian Winninghoff\" src=\"http:\/\/www.winmusic.de\/wp\/wp-content\/uploads\/2011\/09\/cw7-150x150.jpg\" alt=\"Christian Winninghoff\" width=\"150\" height=\"150\" \/><\/a><\/p>\n<ul>\n<li>*01.02.1971 in Osnabr\u00fcck<\/li>\n<li>Abitur 1990 am Gymnasium Carolinum in Osnabr\u00fcck<\/li>\n<li>verheiratet mit Danka, Vater von Maja, Anna und Thomas Winninghoff<\/li>\n<\/ul>\n<h2>Ausbildung 1991-1998<\/h2>\n<p>1997: Hochschulabschluss: &#8218;<em><strong>Diplom-Instrumentalp\u00e4dagoge<\/strong><\/em>&#8218;<br \/>\n1998: Hochschulabschluss: &#8218;<em><strong>Diplom-Musiker<\/strong><\/em>&#8218;<\/p>\n<h2>Weitere Kompetenzen und Ausbildungen ab 1998<\/h2>\n<p>1998-2000: <strong>Zusatzstudium<\/strong> der Schulmusik und Germanistik<br \/>\n2004: Kenntnisse in <strong>Logic Pro<\/strong> (Musikproduktionssoftware)<br \/>\n2005: Kentnisse in <strong>Sibelius<\/strong> (Notationssoftware)<br \/>\n2005-2009: Entwicklung <strong>eigener Unterrichtsprogramme<\/strong> in Klassik und Jazz f\u00fcr Trompete im Hinblick auf die optimalen F\u00f6rderm\u00f6glichkeiten f\u00fcr den Instrumentalunterricht: <em><strong>Solo Trumpet Book Level I-V:<\/strong><\/em> Material leichter bis mittelschwerer klassischer Spielliteratur f\u00fcr Trompete und Klavier, <em><strong>Jam Session:<\/strong><\/em> Anleitungen zum Improvisieren in verschiedenen Stilen, \u00a0<em><strong>Technische Studien f\u00fcr Trompete<\/strong><\/em><\/p>\n<p>seit 2005: Produktion eigener Begleit-CD&#8217;s f\u00fcr den Unterricht<br \/>\nseit 2007: Kenntnisse in Posaune, Tenorhorn, Horn, Tuba, Euphonium<\/p>\n<h2>P\u00e4dagogische T\u00e4tigkeiten 1995-2019<\/h2>\n<ul>\n<li>seit 1995: Unterricht als privater Trompetenlehrer<\/li>\n<li>1997: Durchf\u00fchrung von Jazzworkshops des BuJazzOs unter der Leitung Peter Herbolzheimers an der Universit\u00e4t Durban\/S\u00fcdfrika<\/li>\n<li>1998-2000: Lehrt\u00e4tigkeit an der Musikhochschule K\u00f6ln: Assistenz von Prof. Manfred Schoof<\/li>\n<li>seit 2000: Dozent an der &#8218;St\u00e4dt. Musikschule Langenfeld\/Rhld.&#8216;<\/li>\n<li>2003-2015: Dozent an der &#8218;yamaha-Musikschule&#8216; in Bonn<\/li>\n<li>2004-2006: Musikworkshops der Gruppe Jazzkantine an Allg. Schulen<\/li>\n<li>2006-2009: Ensembleleitung f\u00fcr Big Band und Orchester. Gastdozent der Uni Big Bands von Osnabr\u00fcck und L\u00fcbeck<\/li>\n<li>seit 2006: 1. Preise eigener Sch\u00fcler bei &#8218;Jugend musiziert&#8216;<\/li>\n<li>Jurymitglied beim &#8218;Deutschen Orchesterwettbewerb&#8216; sowie JuMu<\/li>\n<li>2015-2016: Dozent f\u00fcr Brass an der &#8218;International School Bonn&#8216;<\/li>\n<li>seit 2016: Dozent und Fachbereichsleitung an der &#8218;St\u00e4dtischen Musikschule Sankt Augustin&#8216;<\/li>\n<li>Workshops mit anderen Mitgliedern der &#8218;Jazzkantine&#8216;<\/li>\n<\/ul>\n<p>&nbsp;<\/p>\n<h2>Solistische T\u00e4tigkeiten als Musiker und Arrangeur\/Produzent 1995-2019<\/h2>\n<ul>\n<li>1995: Sieger beim bundesweiten Jazznachwuchsfestivals in Leipzig mit der Christian Winninghoff Group<\/li>\n<li>1996: Finalteilnahme der Christian Winninghoff Group beim Internationalen Jazzwettbewerb in Getxo\/Spanien<\/li>\n<li>1999: CD-V\u00d6 &#8218;Christian Winninghoff \u2013 La Vie\u2019 (Arrangeur und Produzent)<\/li>\n<li>2000: Bandprojekt: &#8218;The Phunk&#8216;: Finale beim Int. Jazzwettbewerb in Belgien<\/li>\n<li>2000-2012: Mitglied der &#8218;Jazzkantine&#8216; (Musiker und Arrangeur)<\/li>\n<li>2000: CD-V\u00d6 &#8218;Jazzkantine &#8211; In-Formation&#8216;<\/li>\n<li>2000: CD-V\u00d6 &#8218;Tanzzkantine &#8211; Die Jazzkantine tanzzt&#8216; (Jazz-Award)<\/li>\n<li>2001: CD-V\u00d6 &#8218;Soundtrack &#8211; Commercial Men&#8216; mit G\u00f6tz George<\/li>\n<li>2002-2004: Duoprojekt mit dem Pianisten J\u00fcrgen Friedrich<\/li>\n<li>2003: CD-V\u00d6 &#8218;Jazzkantine &#8211; Unbegrenzt haltbar\u2019<\/li>\n<li>2004-2012: Mitglied des &#8218;Cologne Contemporary Jazz Orchestra&#8216;<\/li>\n<li>2004: CD-V\u00d6 &#8218;Christian Winninghoff &#8211; \u201aColor Music\u2019 (Arrangeur und Produzent)<\/li>\n<li>2005: DVD-V\u00d6 &#8218;Jazzkantine &#8211; 10 Jahre live\u2019<\/li>\n<li>2007-2012: Mitglied bei: &#8218;Bahama Soul Club&#8216; (Musiker und Arrangeur)<\/li>\n<li>2007: CD-V\u00d6 &#8218;Bahama Soul Club &#8211; Bossa Nova is not a crime\u2019<\/li>\n<li>2008: CD-V\u00d6 &#8218;Jazzkantine &#8211; Hell&#8217;s Kitchen&#8216; (Jazz-Award)<\/li>\n<li>2008: CD-V\u00d6 &#8218;Bahama Soul Club &#8211; Rhythm is what makes Jazz Jazz&#8216;<\/li>\n<li>2009: CD-V\u00d6 &#8218;Christian Winninghoff &#8211; The Hi Hornz Project&#8216; (Arrangeur und Produzent)<\/li>\n<li>2011: Urauff\u00fchrung des Werkes &#8218;Die Sch\u00f6pfung&#8216; von H. Albrecht als Solist des Friday Light Ensembles<\/li>\n<li>2012: CD-V\u00d6 &#8218;Jazzkantine &#8211; &#8230; spielt Volkslieder&#8216;<\/li>\n<li>2012: CD-V\u00d6 &#8218;Matthias Petzold: Mirrors&#8216;<\/li>\n<li>2013: CD-V\u00d6 &#8218;Jazzkantine &#8211; Ultrahocherhitzt&#8216;<\/li>\n<li>2014: CD-V\u00d6 &#8218;Jazzkantine + NDR Big Band &#8211; Ohne Stecker&#8216;<\/li>\n<li>2016: CD-V\u00d6 &#8218;Jazzkantine &#8211; Old&#8217;s&#8217;Cool&#8216;<\/li>\n<li>2017: Buch-V\u00d6 &#8217;28 Easy Jazz &amp; Pop Duets<\/li>\n<li>2017: Buch-V\u00d6 &#8218;Jazz Harmony&#8216;<\/li>\n<li>2019: Buch-V\u00d6 &#8218;Easy Pop &amp; Jazz Quartets&#8216;<\/li>\n<li>2019: CD-V\u00d6 &#8218;Jazzkantine &#8211; Mit Pauken und Trompeten&#8216;<\/li>\n<\/ul>\n<h2>Ensemblet\u00e4tigkeiten 1995-2019<\/h2>\n<p><span style=\"text-decoration: underline;\">Jazz-Ensembles<\/span><\/p>\n<p>Bonefunk, Adrian Farrugia Quartet, Klaus Fey, Franck Band, Niels Klein Jazz Quartett, Oktoposse Jazz Oktett, Ulla Oster, Gabriel Perez, The Swing Aces, Rainer Tempel, The Bahama Soul Club, The CoBrazz<\/p>\n<p><span style=\"text-decoration: underline;\">Big Bands und Jazz Orchester<\/span><\/p>\n<p>Big Band Convention, Bundesjazzorchester (Peter Herbolzheimer), Frankfurt Jazz Big Band, Peter Herborns &#8218;Large 2&#8216; (feat. u.a. Gary Thomas, Greg Osby, Robin Eubanks, Uri Caine, Gene Jackson), HR Big Band, Tobias Kremer Big Band, Lucas Schmid Reformation Orchestra, Karl Schmidt Big Band, Manfred Schoof&#8217;s &#8218;Jubilee&#8216;, Sunday Night Big Band, Caroline Thon&#8217;s Thoneline Orchestra, Cologne Contemporary Jazz Orchestra<\/p>\n<p><span style=\"text-decoration: underline;\">Klassik &#8211; Neue Musik &#8211; Filmmusik<\/span><br \/>\nAnnette Focks: Filmmusikproduktionen (Deutscher Filmpreis)<br \/>\nMarkus Stockhausen Trompeten-Ensemble<br \/>\nHenrik Albrecht: H\u00f6rspielproduktionen<br \/>\nTerry Bozzio\/Michael Rie\u00dfler: Projekt f\u00fcr die Leverkusener Jazztage<br \/>\nK\u00f6lner Klassik Ensemble: Messe-Event Daimler Benz<br \/>\nEnsemble O-Ton: Auff\u00fchrung historischer und zeitgen\u00f6ssischer Messvertonungen<br \/>\nMichael Rie\u00dfler: Musik f\u00fcr Blechblasquartett und Ensemble<br \/>\nMichael Koll: klassische Duokonzerte (Trompete\/Orgel)<\/p>\n<p><span style=\"text-decoration: underline;\">Pop \u2013 Rock<\/span><\/p>\n<p>Anke Engelke &amp; Bastian Pastewka, Patrick Christensen, Der Wolf, Eccomoreno, Fonk of Future, Fonky Silence, Fresh Music Live, Marla Glen, New City Beats, Tyree Glenn Jr., Heavytones, hermosa, Kamehamea Club Band, Anja Krabbe, Heinz-Rudolf Kunze, Lyman, Marshall &amp; Alexander, Sasha, Jean Shy, Soulcats, The JuJu Orchestra, The Vals, Luiz Viera<\/p>\n<p><span style=\"text-decoration: underline;\">Musical &#8211; Theater<\/span><\/p>\n<p>Cabaret &#8211; Capitol Theater D\u00fcsseldorf, Chicago &#8211; Capitol Theater D\u00fcsseldorf, Saturday Night Fever -Musical Dome K\u00f6ln, Starlight Express &#8211; Theater Bochum, Staatstheater Braunschweig, &#8218;Ich war noch niemals in New York&#8216; &#8211; Metronom Theater Oberhausen, Im wei\u00dfen R\u00f6ssl &#8211; Schauspielhaus D\u00fcsseldorf, Theater im Lokpark Braunschweig, Arne Stephan Show<\/p>\n","protected":false},"excerpt":{"rendered":"<p>*01.02.1971 in Osnabr\u00fcck Abitur 1990 am Gymnasium Carolinum in Osnabr\u00fcck verheiratet mit Danka, Vater von Maja, Anna und Thomas Winninghoff Ausbildung 1991-1998 1997: Hochschulabschluss: &#8218;Diplom-Instrumentalp\u00e4dagoge&#8218; 1998: Hochschulabschluss: &#8218;Diplom-Musiker&#8218; Weitere Kompetenzen und Ausbildungen ab 1998 1998-2000: Zusatzstudium der Schulmusik und Germanistik 2004: Kenntnisse in Logic Pro (Musikproduktionssoftware) 2005: Kentnisse in Sibelius (Notationssoftware) 2005-2009: Entwicklung eigener Unterrichtsprogramme &hellip; <\/p>\n<p class=\"link-more\"><a href=\"http:\/\/www.winmusic.de\/wp\/?page_id=2\" class=\"more-link\"><span class=\"screen-reader-text\">\u201eCW&#8217;s CV\u201c <\/span>weiterlesen<\/a><\/p>\n","protected":false},"author":1,"featured_media":0,"parent":0,"menu_order":0,"comment_status":"closed","ping_status":"closed","template":"","meta":{"footnotes":""},"class_list":["post-2","page","type-page","status-publish","hentry"],"_links":{"self":[{"href":"http:\/\/www.winmusic.de\/wp\/index.php?rest_route=\/wp\/v2\/pages\/2","targetHints":{"allow":["GET"]}}],"collection":[{"href":"http:\/\/www.winmusic.de\/wp\/index.php?rest_route=\/wp\/v2\/pages"}],"about":[{"href":"http:\/\/www.winmusic.de\/wp\/index.php?rest_route=\/wp\/v2\/types\/page"}],"author":[{"embeddable":true,"href":"http:\/\/www.winmusic.de\/wp\/index.php?rest_route=\/wp\/v2\/users\/1"}],"replies":[{"embeddable":true,"href":"http:\/\/www.winmusic.de\/wp\/index.php?rest_route=%2Fwp%2Fv2%2Fcomments&post=2"}],"version-history":[{"count":38,"href":"http:\/\/www.winmusic.de\/wp\/index.php?rest_route=\/wp\/v2\/pages\/2\/revisions"}],"predecessor-version":[{"id":986,"href":"http:\/\/www.winmusic.de\/wp\/index.php?rest_route=\/wp\/v2\/pages\/2\/revisions\/986"}],"wp:attachment":[{"href":"http:\/\/www.winmusic.de\/wp\/index.php?rest_route=%2Fwp%2Fv2%2Fmedia&parent=2"}],"curies":[{"name":"wp","href":"https:\/\/api.w.org\/{rel}","templated":true}]}}