{"id":1021,"date":"2019-08-07T18:56:00","date_gmt":"2019-08-07T16:56:00","guid":{"rendered":"http:\/\/www.winmusic.de\/wp\/?page_id=1021"},"modified":"2022-01-11T11:08:48","modified_gmt":"2022-01-11T09:08:48","slug":"unterricht-2","status":"publish","type":"page","link":"http:\/\/www.winmusic.de\/wp\/?page_id=1021","title":{"rendered":"Unterricht"},"content":{"rendered":"<p><a class=\"highslide img_1\" href=\"http:\/\/www.winmusic.de\/wp\/wp-content\/uploads\/2016\/03\/fittosize__300_0_6daf04fb1ad90ca31399940763fe8863_christian_winninghoff-2_ausschnitt.jpg\" onclick=\"return hs.expand(this)\"><img loading=\"lazy\" decoding=\"async\" class=\"size-medium wp-image-894 alignright\" src=\"http:\/\/www.winmusic.de\/wp\/wp-content\/uploads\/2016\/03\/fittosize__300_0_6daf04fb1ad90ca31399940763fe8863_christian_winninghoff-2_ausschnitt-200x300.jpg\" alt=\"\" width=\"200\" height=\"300\" srcset=\"http:\/\/www.winmusic.de\/wp\/wp-content\/uploads\/2016\/03\/fittosize__300_0_6daf04fb1ad90ca31399940763fe8863_christian_winninghoff-2_ausschnitt-200x300.jpg 200w, http:\/\/www.winmusic.de\/wp\/wp-content\/uploads\/2016\/03\/fittosize__300_0_6daf04fb1ad90ca31399940763fe8863_christian_winninghoff-2_ausschnitt.jpg 300w\" sizes=\"auto, (max-width: 200px) 100vw, 200px\" \/><\/a>Zu unterrichten ist f\u00fcr mich neben der Konzertt\u00e4tigkeiten seit jeher ein zentraler Bestandteil des Musikerberufes, den ich mit viel Engagement und Begeisterung aus\u00fcbe. Zur Zeit habe ich drei feste Unterrichtstage. Montags unterrichte ich bei der St\u00e4dt. <a href=\"https:\/\/www.musikschule.langenfeld.de\/\" target=\"_blank\" rel=\"noopener\">Musikschule Langenfeld<\/a>, dienstags und mittwochs an der St\u00e4dtischen Musikschule in\u00a0<a href=\"http:\/\/www.sankt-augustin.de\/cms123\/kultur_sport_freizeit\/musikschule\/artikel\/57301\/index.shtml\">Sankt Augustin<\/a>.\u00a0Neben meiner\u00a0Aufgabe als Dozent habe\u00a0ich in Sankt Augustin als\u00a0Fachbereichsleiter f\u00fcr die Blechblasinstrumente \u00a0auch M\u00f6glichkeiten, eigene Akzente zu setzen im Hinblick auf die Entwicklung des Unterrichtsangebotes.\u00a0Mir liegen dabei Themen wie Begabtenf\u00f6rderung, die St\u00e4rkung der Bereiche Jazz und Improvisation im Unterricht besonders am Herzen.<\/p>\n<p>&#8230; hier nun ein \u00dcberblick \u00fcber unsere\u00a0<strong>Sankt Augustiner Ensembles<\/strong>!!!<\/p>\n<p>Nach dem Motto global denken &#8211; lokal musizieren widmen sich \u2018Die\u00a0<strong>Globetr\u00f6\u00f6ter\u2019- Das Weltmusikorchester\u00a0<\/strong>Klassikern des Genres unter der fachkundigen Leitung des Multiinstrumentalisten (Posaune, Tuba, Alphorn, Saxophon) und Arrangeurs Mitch H\u00f6hler. Die Besetzung ist wie das Programm au\u00dfergew\u00f6hnlich und schlie\u00dft neben den klassischen Holz- und Blechblasinstrumenten auch Harfe, akustische Gitarre und Cello ein. Interessierte neue Musiker sind immer gesucht (Percussion, Trompete) und herzlich eingeladen sich zu melden und mitzumachen. Dieses Angebot ist gratis f\u00fcr Sch\u00fcler der Musikschulen Siegburg und Sankt Augustin. Die Proben finden dienstags von 18.30 bis 19.45 Uhr im vierzehnt\u00e4gigen Rhythmus, Musikschule Sankt Augustin \u2013 Forum).\u00a0Das\u00a0<strong>JESA-<\/strong><strong>SaxEnsemble<\/strong><strong>\u00a0PLUS<\/strong>\u00a0bietet Jugendlichen und Erwachsenen ein spannendes und vielseitiges musikalisches Ensembleangebot. Unter der engagierten Leitung und Mitwirkung der Dozenten Christian Winninghoff (Jazzkantine) und Mitch H\u00f6hler (Alpcologne) werden auf das Ensemble zugeschnittene Kompositionen und Arrangements in w\u00f6chentlichen Proben gemeinsam erarbeitet. Stilistisch sind wir offen auch f\u00fcr Blicke \u00fcber den musikalischen Tellerrand und spielen St\u00fccke von Borodin \u00fcber Duke Ellington bis hin zu Coldplay und Amy Winehouse.. Die Proben sind immer dienstags von 20.00 bis 21.30, Musikschule Sankt Augustin, Raum 279.\u00a0Der\u00a0<strong>Big Band Pool Sankt Augustin\u00a0<\/strong>ist eine neue Initiative zur Jazzf\u00f6rderung an der Augustiner Musikschule. Hier treffen sich jazzbegeisterte Sch\u00fcler und Erwachsene zu Big Band-Workshop-Proben die nur 4-6 x \u00fcber das Jahr verteilt dienstags abends zwischen 19.30-21.30 im Forum der Musikschule stattfinden. Studenten und ehemalige Big Band-Mitglieder aus den Sankt Augustiner Schulen sowie notensichere Wiedereinsteiger (Drums, Blech) sind in besonderer Weise f\u00fcr dieses Projekt angesprochen. Unter der Mitwirkungen unserer Dozenten widmen wir uns der spannenden Welt der Big Band Literatur, in Arrangements von Count Basie bis ACDC.\u00a0Interessierte\u00a0neue Musiker sind herzlich eingeladen sich zu melden f\u00fcr weitere Infos.<\/p>\n<p><a href=\"http:\/\/www.winmusic.de\/wp\/wp-content\/uploads\/2018\/09\/2018-06-16-Rundblick-The-Horns.pdf\">2018-06-16 Rundblick &#8218;It&#8217;s All About The Horns<\/a>&#8218;<\/p>\n","protected":false},"excerpt":{"rendered":"<p>Zu unterrichten ist f\u00fcr mich neben der Konzertt\u00e4tigkeiten seit jeher ein zentraler Bestandteil des Musikerberufes, den ich mit viel Engagement und Begeisterung aus\u00fcbe. Zur Zeit habe ich drei feste Unterrichtstage. Montags unterrichte ich bei der St\u00e4dt. Musikschule Langenfeld, dienstags und mittwochs an der St\u00e4dtischen Musikschule in\u00a0Sankt Augustin.\u00a0Neben meiner\u00a0Aufgabe als Dozent habe\u00a0ich in Sankt Augustin als\u00a0Fachbereichsleiter &hellip; <\/p>\n<p class=\"link-more\"><a href=\"http:\/\/www.winmusic.de\/wp\/?page_id=1021\" class=\"more-link\"><span class=\"screen-reader-text\">\u201eUnterricht\u201c <\/span>weiterlesen<\/a><\/p>\n","protected":false},"author":1,"featured_media":0,"parent":0,"menu_order":0,"comment_status":"closed","ping_status":"closed","template":"","meta":{"footnotes":""},"class_list":["post-1021","page","type-page","status-publish","hentry"],"_links":{"self":[{"href":"http:\/\/www.winmusic.de\/wp\/index.php?rest_route=\/wp\/v2\/pages\/1021","targetHints":{"allow":["GET"]}}],"collection":[{"href":"http:\/\/www.winmusic.de\/wp\/index.php?rest_route=\/wp\/v2\/pages"}],"about":[{"href":"http:\/\/www.winmusic.de\/wp\/index.php?rest_route=\/wp\/v2\/types\/page"}],"author":[{"embeddable":true,"href":"http:\/\/www.winmusic.de\/wp\/index.php?rest_route=\/wp\/v2\/users\/1"}],"replies":[{"embeddable":true,"href":"http:\/\/www.winmusic.de\/wp\/index.php?rest_route=%2Fwp%2Fv2%2Fcomments&post=1021"}],"version-history":[{"count":5,"href":"http:\/\/www.winmusic.de\/wp\/index.php?rest_route=\/wp\/v2\/pages\/1021\/revisions"}],"predecessor-version":[{"id":1089,"href":"http:\/\/www.winmusic.de\/wp\/index.php?rest_route=\/wp\/v2\/pages\/1021\/revisions\/1089"}],"wp:attachment":[{"href":"http:\/\/www.winmusic.de\/wp\/index.php?rest_route=%2Fwp%2Fv2%2Fmedia&parent=1021"}],"curies":[{"name":"wp","href":"https:\/\/api.w.org\/{rel}","templated":true}]}}